{"id":6981,"date":"2018-02-27T14:35:36","date_gmt":"2018-02-27T13:35:36","guid":{"rendered":"https:\/\/archiv-heilpaedagogik.de\/mitgliedschaft-copy\/"},"modified":"2018-09-10T14:32:50","modified_gmt":"2018-09-10T12:32:50","slug":"newsletter","status":"publish","type":"page","link":"https:\/\/archiv-heilpaedagogik.de\/pl\/newsletter\/","title":{"rendered":"Newsletter"},"content":{"rendered":"<p>Nasz Newsletter ukazuje si\u0119 regularnie co dwa, trzy miesi\u0105ce i zawiera nowinki z Archiwum oraz Instytutu Emila E. Kobi.<br \/>\nBy zaabonowa\u0107 Newsletter prosimy o wys\u0142anie kr\u00f3tkiej wiadomo\u015bci na adres:<\/p>\n<p><a href=\"mailto:info@archiv-heilpaedagogik.de?subject=Newsletter Abonnement\">info@archiv-heilpaedagogik.de<\/a>.<\/p>\n<p>&nbsp;<\/p>","protected":false},"excerpt":{"rendered":"<p>Nasz Newsletter ukazuje si\u0119 regularnie co dwa, trzy miesi\u0105ce i zawiera nowinki z Archiwum oraz Instytutu Emila E. Kobi. By zaabonowa\u0107 Newsletter prosimy o wys\u0142anie&hellip;<\/p>\n<p><a href=\"https:\/\/archiv-heilpaedagogik.de\/pl\/newsletter\/\" class=\"more-link post-excerpt-readmore\">Read more<\/a><\/p>\n","protected":false},"author":1,"featured_media":0,"parent":0,"menu_order":0,"comment_status":"closed","ping_status":"closed","template":"","meta":{"footnotes":""},"class_list":["post-6981","page","type-page","status-publish","hentry"],"aioseo_notices":[],"_links":{"self":[{"href":"https:\/\/archiv-heilpaedagogik.de\/pl\/wp-json\/wp\/v2\/pages\/6981","targetHints":{"allow":["GET"]}}],"collection":[{"href":"https:\/\/archiv-heilpaedagogik.de\/pl\/wp-json\/wp\/v2\/pages"}],"about":[{"href":"https:\/\/archiv-heilpaedagogik.de\/pl\/wp-json\/wp\/v2\/types\/page"}],"author":[{"embeddable":true,"href":"https:\/\/archiv-heilpaedagogik.de\/pl\/wp-json\/wp\/v2\/users\/1"}],"replies":[{"embeddable":true,"href":"https:\/\/archiv-heilpaedagogik.de\/pl\/wp-json\/wp\/v2\/comments?post=6981"}],"version-history":[{"count":0,"href":"https:\/\/archiv-heilpaedagogik.de\/pl\/wp-json\/wp\/v2\/pages\/6981\/revisions"}],"wp:attachment":[{"href":"https:\/\/archiv-heilpaedagogik.de\/pl\/wp-json\/wp\/v2\/media?parent=6981"}],"curies":[{"name":"wp","href":"https:\/\/api.w.org\/{rel}","templated":true}]}}