{"id":6920,"date":"2018-02-27T11:17:53","date_gmt":"2018-02-27T10:17:53","guid":{"rendered":"https:\/\/archiv-heilpaedagogik.de\/impressum-copy\/"},"modified":"2018-09-10T14:31:03","modified_gmt":"2018-09-10T12:31:03","slug":"mitgliedschaft","status":"publish","type":"page","link":"https:\/\/archiv-heilpaedagogik.de\/pl\/mitgliedschaft\/","title":{"rendered":"Jak zosta\u0107 cz\u0142onkiem"},"content":{"rendered":"<p><\/p>\n<h2>Jak zosta\u0107 cz\u0142onkiem<\/h2>\n<p>Szanowni Zainteresowani prac\u0105 stowarzyszenia wspieraj\u0105cego Archiwum,<\/p>\n<p>uwa\u017cacie, \u017ce rozbudowa Archiwum Pedagogiki Specjalnej jest wa\u017cna i chcecie j\u0105 wspiera\u0107? Zosta\u0144cie wi\u0119c cz\u0142onkiem naszego stowarzyszenia.<br \/>\nCieszymy si\u0119 na wsp\u00f3\u0142prac\u0119 z Pa\u0144stwem \u2013 ch\u0119tnie tak\u017ce w ramach naszych gremi\u00f3w \u2013 i serdecznie Pa\u0144stwa do niej zapraszamy!<\/p>\n<p>Wniosek o przyj\u0119cie w poczet cz\u0142onk\u00f3w stowarzyszenia znajd\u0105 Pa\u0144stwo <a href=\"https:\/\/archiv-heilpaedagogik.de\/ueber-uns\/downloads\/\">w formacie PDF w dziale Do pobrania<\/a>.<\/p>\n<h2>Datki<\/h2>\n<p>Stowarzyszenie jest uznan\u0105 przez administracj\u0119 finansow\u0105, obj\u0119t\u0105 zwolnieniem z podatku instytucj\u0105 u\u017cyteczno\u015bci publicznej. Mo\u017cemy wystawia\u0107 za\u015bwiadczenia o datkach i darowiznach.<\/p>\n<p>F\u00f6rderverein des Internationalen Archivs f\u00fcr Heilp\u00e4dagogik<br \/>\nVolks- und Raiffeisenbank F\u00fcrstenwalde-Seelow-Wriezen<br \/>\nIBAN: DE31 1709 2404 0007 0220 00<br \/>\nBIC: GENODEF1FW1<\/p>","protected":false},"excerpt":{"rendered":"<p>Jak zosta\u0107 cz\u0142onkiem Szanowni Zainteresowani prac\u0105 stowarzyszenia wspieraj\u0105cego Archiwum, uwa\u017cacie, \u017ce rozbudowa Archiwum Pedagogiki Specjalnej jest wa\u017cna i chcecie j\u0105 wspiera\u0107? Zosta\u0144cie wi\u0119c cz\u0142onkiem naszego&hellip;<\/p>\n<p><a href=\"https:\/\/archiv-heilpaedagogik.de\/pl\/mitgliedschaft\/\" class=\"more-link post-excerpt-readmore\">Read more<\/a><\/p>\n","protected":false},"author":1,"featured_media":0,"parent":0,"menu_order":0,"comment_status":"closed","ping_status":"closed","template":"","meta":{"footnotes":""},"class_list":["post-6920","page","type-page","status-publish","hentry"],"aioseo_notices":[],"_links":{"self":[{"href":"https:\/\/archiv-heilpaedagogik.de\/pl\/wp-json\/wp\/v2\/pages\/6920","targetHints":{"allow":["GET"]}}],"collection":[{"href":"https:\/\/archiv-heilpaedagogik.de\/pl\/wp-json\/wp\/v2\/pages"}],"about":[{"href":"https:\/\/archiv-heilpaedagogik.de\/pl\/wp-json\/wp\/v2\/types\/page"}],"author":[{"embeddable":true,"href":"https:\/\/archiv-heilpaedagogik.de\/pl\/wp-json\/wp\/v2\/users\/1"}],"replies":[{"embeddable":true,"href":"https:\/\/archiv-heilpaedagogik.de\/pl\/wp-json\/wp\/v2\/comments?post=6920"}],"version-history":[{"count":0,"href":"https:\/\/archiv-heilpaedagogik.de\/pl\/wp-json\/wp\/v2\/pages\/6920\/revisions"}],"wp:attachment":[{"href":"https:\/\/archiv-heilpaedagogik.de\/pl\/wp-json\/wp\/v2\/media?parent=6920"}],"curies":[{"name":"wp","href":"https:\/\/api.w.org\/{rel}","templated":true}]}}