{"id":6918,"date":"2018-02-27T11:15:06","date_gmt":"2018-02-27T10:15:06","guid":{"rendered":"https:\/\/archiv-heilpaedagogik.de\/ueber-uns\/ueber-uns_institut-copy\/"},"modified":"2023-11-06T10:49:07","modified_gmt":"2023-11-06T09:49:07","slug":"ueber-uns_foerderverein_save","status":"publish","type":"page","link":"https:\/\/archiv-heilpaedagogik.de\/pl\/ueber-uns\/ueber-uns_foerderverein_save\/","title":{"rendered":"F\u00f6rderverein des Internationalen Archivs f\u00fcr Heilp\u00e4dagogik e.V."},"content":{"rendered":"<p><\/p>\n<h2>Witamy<\/h2>\n<p>Stowarzyszenie wspieraj\u0105ce Mi\u0119dzynarodowe Archiwum Pedagogiki Specjalnej cieszy si\u0119, \u017ce zainteresowali si\u0119 Pa\u0144stwo nasz\u0105 stron\u0105 internetow\u0105.<\/p>\n<p>Je\u017celi chcecie Pa\u0144stwo wesprze\u0107 prac\u0119 naszego Archiwum, mo\u017cecie <a href=\"https:\/\/archiv-heilpaedagogik.de\/mitgliedschaft\/\">zosta\u0107 cz\u0142onkiem naszego stowarzyszenia<\/a>.<\/p>\n<p>Z przyjemno\u015bci\u0105 odpowiem na Pa\u0144stwa pytania dotycz\u0105ce mo\u017cliwo\u015bci pracy w ramach naszego stowarzyszenia. Zadzwo\u0144 do nas lub napisz e-mail na adres <a href=\"mailto:info@archiv-heilpaedagogik.de\">info@archiv-heilpaedagogik.de<\/a><\/p>\n<h2>Inhalt<\/h2>\n<p><div class=\"omsc-accordion\"><br \/>\n<div class=\"omsc-toggle\"><div class=\"omsc-toggle-title\">Vorstand<\/div><div class=\"omsc-toggle-inner\"><\/p>\n<p><strong>Vorsitz<\/strong><\/p>\n<p>Doris Albert, <a href=\"mailto:d.albert@archiv-heilpaedagogik.de\">d.albert@archiv-heilpaedagogik.de<\/a><\/p>\n<p><strong>Stellvertretung<\/strong><\/p>\n<p>Hildegard Havenith, <a href=\"mailto:h.havenith@archiv-heilpaedagogik.de\">h.havenith@archiv-heilpaedagogik.de<\/a><\/p>\n<p>Prof. Dr. Dieter Lotz, <a href=\"mailto:d.lotz@archiv-heilpaedagogik.de\">d.lotz@archiv-heilpaedagogik.de<\/a><\/p>\n<p>Dr. Martin Korte, <a href=\"mailto:m.korte@archiv-heilpaedagogik.de\">m.korte@archiv-heilpaedagogik.de<\/a><\/p>\n<p><strong>Leitung Emil E. Kobi-Institut<\/strong><\/p>\n<p>N. N.<\/p>\n<p><\/div><\/div><br \/>\n<div class=\"omsc-toggle\"><div class=\"omsc-toggle-title\">Kuratorium<\/div><div class=\"omsc-toggle-inner\"><\/p>\n<p>Prof. Dr. Konrad Bundschuh, Randersacker<br \/>\nProf. Dr. Sieglinde Ellger-R\u00fcttgardt, Hamburg<br \/>\nProf. Dr. Heinrich Greving, Stadtlohn<br \/>\nDieter Grigo, Butjadingen<br \/>\nDagmar Gumbert, Teutschenthal<br \/>\nHildegard Havenith, Marktschorgast<br \/>\nProf. Dr. Xavier Moonen, Landgraaf (NL)<br \/>\nJean Paul Muller, Rom (I)<br \/>\nAnnette Paltzer, Z\u00fcrich (CH)<br \/>\nProf. Dr. Christina Reichenbach, Dortmund<br \/>\nAnna Scott-Kobi, Laufen (CH)<br \/>\nJohannes Wolter, Habichtswald<br \/>\nFlorian Demke, Berlin<br \/>\nDr. Barbara W\u00fcst, Attendorn<\/p>\n<p><\/div><\/div><br \/>\n<div class=\"omsc-toggle\"><div class=\"omsc-toggle-title\">Mitglied werden<\/div><div class=\"omsc-toggle-inner\"><\/p>\n<p>Sie k\u00f6nnen Mitglied im F\u00f6rderverein werden. N\u00e4here Informationen dazu <a href=\"https:\/\/archiv-heilpaedagogik.de\/mitgliedschaft\/\">finden Sie auf dieser Seite<\/a>.<\/p>\n<p><\/div><\/div><br \/>\n<div class=\"omsc-toggle\"><div class=\"omsc-toggle-title\">Satzung<\/div><div class=\"omsc-toggle-inner\"><\/p>\n<p>Die Satzung des F\u00f6rdervereins steht im <a href=\"https:\/\/archiv-heilpaedagogik.de\/ueber-uns\/downloads\/\">Download-Bereich<\/a> als PDF-Datei bereit.<br \/>\n<\/div><\/div><\/p>\n<p><\/div><\/p>","protected":false},"excerpt":{"rendered":"<p>Witamy Stowarzyszenie wspieraj\u0105ce Mi\u0119dzynarodowe Archiwum Pedagogiki Specjalnej cieszy si\u0119, \u017ce zainteresowali si\u0119 Pa\u0144stwo nasz\u0105 stron\u0105 internetow\u0105. Je\u017celi chcecie Pa\u0144stwo wesprze\u0107 prac\u0119 naszego Archiwum, mo\u017cecie zosta\u0107&hellip;<\/p>\n<p><a href=\"https:\/\/archiv-heilpaedagogik.de\/pl\/ueber-uns\/ueber-uns_foerderverein_save\/\" class=\"more-link post-excerpt-readmore\">Read more<\/a><\/p>\n","protected":false},"author":1,"featured_media":0,"parent":6856,"menu_order":0,"comment_status":"closed","ping_status":"closed","template":"","meta":{"footnotes":""},"class_list":["post-6918","page","type-page","status-publish","hentry"],"aioseo_notices":[],"_links":{"self":[{"href":"https:\/\/archiv-heilpaedagogik.de\/pl\/wp-json\/wp\/v2\/pages\/6918","targetHints":{"allow":["GET"]}}],"collection":[{"href":"https:\/\/archiv-heilpaedagogik.de\/pl\/wp-json\/wp\/v2\/pages"}],"about":[{"href":"https:\/\/archiv-heilpaedagogik.de\/pl\/wp-json\/wp\/v2\/types\/page"}],"author":[{"embeddable":true,"href":"https:\/\/archiv-heilpaedagogik.de\/pl\/wp-json\/wp\/v2\/users\/1"}],"replies":[{"embeddable":true,"href":"https:\/\/archiv-heilpaedagogik.de\/pl\/wp-json\/wp\/v2\/comments?post=6918"}],"version-history":[{"count":7,"href":"https:\/\/archiv-heilpaedagogik.de\/pl\/wp-json\/wp\/v2\/pages\/6918\/revisions"}],"predecessor-version":[{"id":9894,"href":"https:\/\/archiv-heilpaedagogik.de\/pl\/wp-json\/wp\/v2\/pages\/6918\/revisions\/9894"}],"up":[{"embeddable":true,"href":"https:\/\/archiv-heilpaedagogik.de\/pl\/wp-json\/wp\/v2\/pages\/6856"}],"wp:attachment":[{"href":"https:\/\/archiv-heilpaedagogik.de\/pl\/wp-json\/wp\/v2\/media?parent=6918"}],"curies":[{"name":"wp","href":"https:\/\/api.w.org\/{rel}","templated":true}]}}