{"id":6874,"date":"2018-02-26T18:39:11","date_gmt":"2018-02-26T17:39:11","guid":{"rendered":"https:\/\/archiv-heilpaedagogik.de\/ueber-uns\/downloads-copy\/"},"modified":"2023-11-06T10:54:34","modified_gmt":"2023-11-06T09:54:34","slug":"ueber-uns_institut","status":"publish","type":"page","link":"https:\/\/archiv-heilpaedagogik.de\/pl\/ueber-uns\/ueber-uns_institut\/","title":{"rendered":"Instytut Emila E. Kobi na rzecz bada\u0144 i dokszta\u0142cania"},"content":{"rendered":"<p><strong>Instytut Emila E. Kobi Institut<\/strong> (dalej: EKI) powo\u0142any zosta\u0142 do \u017cycia w roku 2015. Stanowi on ramy naukowe oraz przestrze\u0144 dla przysz\u0142ych aktywno\u015bci badawczych, prowadzonych pod dachem Mi\u0119dzynarodowego Archiwum, takich jak analiza posiadanego materia\u0142u archiwalnego i publikacje wynik\u00f3w bada\u0144 na temat historii i aktualnej problematyki badawczej w dziedzinie pedagogiki specjalnej.<\/p>\n<p><span class=\"HwtZe\" lang=\"pl\"><span class=\"jCAhz ChMk0b\"><span class=\"ryNqvb\">Zapytania prosimy kierowa\u0107 do Instytutu<\/span><\/span><\/span><\/p>\n<p>Internationales Archiv f\u00fcr Heilp\u00e4dagogik<br \/>Emil E. Kobi Institut<br \/>Platz der Jugend 4<br \/>D-15374 M\u00fcncheberg \/ OT Trebnitz<\/p>\n<p>\u00a0<\/p>","protected":false},"excerpt":{"rendered":"<p>Instytut Emila E. Kobi Institut (dalej: EKI) powo\u0142any zosta\u0142 do \u017cycia w roku 2015. Stanowi on ramy naukowe oraz przestrze\u0144 dla przysz\u0142ych aktywno\u015bci badawczych, prowadzonych&hellip;<\/p>\n<p><a href=\"https:\/\/archiv-heilpaedagogik.de\/pl\/ueber-uns\/ueber-uns_institut\/\" class=\"more-link post-excerpt-readmore\">Read more<\/a><\/p>\n","protected":false},"author":1,"featured_media":0,"parent":6856,"menu_order":0,"comment_status":"closed","ping_status":"closed","template":"","meta":{"footnotes":""},"class_list":["post-6874","page","type-page","status-publish","hentry"],"aioseo_notices":[],"_links":{"self":[{"href":"https:\/\/archiv-heilpaedagogik.de\/pl\/wp-json\/wp\/v2\/pages\/6874","targetHints":{"allow":["GET"]}}],"collection":[{"href":"https:\/\/archiv-heilpaedagogik.de\/pl\/wp-json\/wp\/v2\/pages"}],"about":[{"href":"https:\/\/archiv-heilpaedagogik.de\/pl\/wp-json\/wp\/v2\/types\/page"}],"author":[{"embeddable":true,"href":"https:\/\/archiv-heilpaedagogik.de\/pl\/wp-json\/wp\/v2\/users\/1"}],"replies":[{"embeddable":true,"href":"https:\/\/archiv-heilpaedagogik.de\/pl\/wp-json\/wp\/v2\/comments?post=6874"}],"version-history":[{"count":3,"href":"https:\/\/archiv-heilpaedagogik.de\/pl\/wp-json\/wp\/v2\/pages\/6874\/revisions"}],"predecessor-version":[{"id":9895,"href":"https:\/\/archiv-heilpaedagogik.de\/pl\/wp-json\/wp\/v2\/pages\/6874\/revisions\/9895"}],"up":[{"embeddable":true,"href":"https:\/\/archiv-heilpaedagogik.de\/pl\/wp-json\/wp\/v2\/pages\/6856"}],"wp:attachment":[{"href":"https:\/\/archiv-heilpaedagogik.de\/pl\/wp-json\/wp\/v2\/media?parent=6874"}],"curies":[{"name":"wp","href":"https:\/\/api.w.org\/{rel}","templated":true}]}}