{"id":6856,"date":"2018-02-26T17:46:39","date_gmt":"2018-02-26T16:46:39","guid":{"rendered":"https:\/\/archiv-heilpaedagogik.de\/angebote-copy\/"},"modified":"2025-06-13T11:31:03","modified_gmt":"2025-06-13T09:31:03","slug":"ueber-uns","status":"publish","type":"page","link":"https:\/\/archiv-heilpaedagogik.de\/pl\/ueber-uns\/","title":{"rendered":"O nas"},"content":{"rendered":"<p><\/p>\n<h2><a href=\"https:\/\/archiv-heilpaedagogik.de\/ueber-uns\/kontakt\/\"><img class=\"lazyload alignleft wp-image-6863 size-medium\" data-original=\"https:\/\/archiv-heilpaedagogik.de\/wp-content\/uploads\/2018\/02\/ueber-uns_Archiv-300x200.jpg\" alt=\"ueber-uns_Archiv\" width=\"300\" height=\"200\" \/><\/a>Kontakt i godziny otwarcia<\/h2>\n<p>Tu znajd\u0105 Pa\u0144stwo aktualne godziny otwarcia, osoby kontaktowe oraz dalsze informacje.<\/p>\n<p><a href=\"https:\/\/archiv-heilpaedagogik.de\/ueber-uns\/kontakt\/\">Do kontaktu i godzin otwarcia<\/a><div class=\"omsc-clear\"><\/div><\/p>\n<h2><a href=\"https:\/\/archiv-heilpaedagogik.de\/ueber-uns\/ueber-uns_institut\/\"><img class=\"lazyload alignleft wp-image-6864 size-medium\" data-original=\"https:\/\/archiv-heilpaedagogik.de\/wp-content\/uploads\/2018\/02\/ueber-uns_Kobi-300x200.jpg\" alt=\"ueber-uns_Kobi\" width=\"300\" height=\"200\" \/><\/a>Instytut Emila E. Kobi na rzecz bada\u0144 i dokszta\u0142cania si\u0119<\/h2>\n<p>Archiwum podlega instytut nosz\u0105cy nazwisko wa\u017cnego pedagoga specjalnego Emila Ericha Kobi.<\/p>\n<p><a href=\"https:\/\/archiv-heilpaedagogik.de\/ueber-uns\/ueber-uns_institut\/\">Do Instytutuum<\/a><div class=\"omsc-clear\"><\/div><\/p>\n<h2><img class=\"lazyload alignleft wp-image-7124 size-medium\" data-original=\"https:\/\/archiv-heilpaedagogik.de\/wp-content\/uploads\/2018\/03\/Veranstaltungen-gewesen_Symposium-2015-300x200.jpg\" alt=\"Teilnehmende des 3. Symposiums\" width=\"300\" height=\"200\" \/>Podmiot-\/Stowarzyszenie wspieraj\u0105ce<\/h2>\n<p>Podmiotem prowadz\u0105cym Mi\u0119dzynarodowe Archiwum Pedagogiki Specjalnej jest stowarzyszenie u\u017cyteczno\u015bci publicznej. Tu dowiedz\u0105 si\u0119 Pa\u0144stwo wi\u0119cej o stowarzyszeniu i jego celach.<\/p>\n<p><a href=\"https:\/\/archiv-heilpaedagogik.de\/ueber-uns\/ueber-uns_foerderverein\/\">Do stowarzyszenia<\/a><div class=\"omsc-clear\"><\/div><\/p>\n<h2><a href=\"https:\/\/archiv-heilpaedagogik.de\/ueber-uns\/campus-trebnitz\/\"><img class=\"lazyload alignleft wp-image-6775 size-medium\" data-original=\"https:\/\/archiv-heilpaedagogik.de\/wp-content\/uploads\/2018\/02\/01_2756-300x200.jpg\" alt=\"\" width=\"300\" height=\"200\" \/><\/a>Kampus Trebnitz<\/h2>\n<p>Archiwum jest cz\u0119\u015bci\u0105 pi\u0119knie po\u0142o\u017conego Kampusu, kt\u00f3rego serce stanowi zamek Trebnitz. Tu mog\u0105 Pa\u0144stwo dowiedzie\u0107 si\u0119 wi\u0119cej na temat innych miejscowych ofert.<\/p>\n<p><a href=\"https:\/\/archiv-heilpaedagogik.de\/ueber-uns\/campus-trebnitz\/\">Do Kampusu Trebnitz<\/a><div class=\"omsc-clear\"><\/div><\/p>\n<h2><a href=\"https:\/\/archiv-heilpaedagogik.de\/galerien-uebersicht\/\"><img class=\"lazyload alignleft wp-image-6865 size-medium\" data-original=\"https:\/\/archiv-heilpaedagogik.de\/wp-content\/uploads\/2018\/02\/ueber-uns_Galerie-300x200.jpg\" alt=\"ueber-uns_Galerie\" width=\"300\" height=\"200\" \/><\/a>Galerie<\/h2>\n<p>Opr\u00f3cz zwizualizowanego spaceru po archiwum proponujemy Pa\u0144stwu szereg innych galerii zdj\u0119\u0107.<\/p>\n<p><a href=\"https:\/\/archiv-heilpaedagogik.de\/galerien-uebersicht\/\">Do galerii<\/a><div class=\"omsc-clear\"><\/div><\/p>\n<h2><a href=\"https:\/\/archiv-heilpaedagogik.de\/downloads\/\"><img class=\"lazyload alignleft wp-image-6866 size-medium\" data-original=\"https:\/\/archiv-heilpaedagogik.de\/wp-content\/uploads\/2018\/02\/ueber-uns_Downloads-300x200.jpg\" alt=\"ueber-uns_Downloads\" width=\"300\" height=\"200\" \/><\/a>Do pobrania<\/h2>\n<p>W tym miejscu mog\u0105 Pa\u0144stwo pobra\u0107 formularze i dokumenty.<\/p>\n<p><a href=\"https:\/\/archiv-heilpaedagogik.de\/downloads\/\">Do pobrania<\/a><div class=\"omsc-clear\"><\/div><\/p>","protected":false},"excerpt":{"rendered":"<p>Kontakt i godziny otwarcia Tu znajd\u0105 Pa\u0144stwo aktualne godziny otwarcia, osoby kontaktowe oraz dalsze informacje. Do kontaktu i godzin otwarcia Instytut Emila E. Kobi na&hellip;<\/p>\n<p><a href=\"https:\/\/archiv-heilpaedagogik.de\/pl\/ueber-uns\/\" class=\"more-link post-excerpt-readmore\">Read more<\/a><\/p>\n","protected":false},"author":1,"featured_media":0,"parent":0,"menu_order":0,"comment_status":"closed","ping_status":"closed","template":"","meta":{"footnotes":""},"class_list":["post-6856","page","type-page","status-publish","hentry"],"aioseo_notices":[],"_links":{"self":[{"href":"https:\/\/archiv-heilpaedagogik.de\/pl\/wp-json\/wp\/v2\/pages\/6856","targetHints":{"allow":["GET"]}}],"collection":[{"href":"https:\/\/archiv-heilpaedagogik.de\/pl\/wp-json\/wp\/v2\/pages"}],"about":[{"href":"https:\/\/archiv-heilpaedagogik.de\/pl\/wp-json\/wp\/v2\/types\/page"}],"author":[{"embeddable":true,"href":"https:\/\/archiv-heilpaedagogik.de\/pl\/wp-json\/wp\/v2\/users\/1"}],"replies":[{"embeddable":true,"href":"https:\/\/archiv-heilpaedagogik.de\/pl\/wp-json\/wp\/v2\/comments?post=6856"}],"version-history":[{"count":2,"href":"https:\/\/archiv-heilpaedagogik.de\/pl\/wp-json\/wp\/v2\/pages\/6856\/revisions"}],"predecessor-version":[{"id":10066,"href":"https:\/\/archiv-heilpaedagogik.de\/pl\/wp-json\/wp\/v2\/pages\/6856\/revisions\/10066"}],"wp:attachment":[{"href":"https:\/\/archiv-heilpaedagogik.de\/pl\/wp-json\/wp\/v2\/media?parent=6856"}],"curies":[{"name":"wp","href":"https:\/\/api.w.org\/{rel}","templated":true}]}}