{"id":6735,"date":"2018-02-21T15:30:57","date_gmt":"2018-02-21T14:30:57","guid":{"rendered":"https:\/\/archiv-heilpaedagogik.de\/angebote\/angebote-foerderpreis-copy\/"},"modified":"2020-04-29T15:22:35","modified_gmt":"2020-04-29T13:22:35","slug":"angebote-tagen","status":"publish","type":"page","link":"https:\/\/archiv-heilpaedagogik.de\/pl\/angebote\/angebote-tagen\/","title":{"rendered":"Konferencje i noclegi"},"content":{"rendered":"<p><a href=\"https:\/\/archiv-heilpaedagogik.de\/wp-content\/uploads\/2018\/02\/Angebote_Startseite-Tagen.jpg\"><img class=\"lazyload alignright wp-image-6715 size-medium\" data-original=\"https:\/\/archiv-heilpaedagogik.de\/wp-content\/uploads\/2018\/02\/Angebote_Startseite-Tagen-300x200.jpg\" alt=\"Angebote_Startseite-Tagen\" width=\"300\" height=\"200\" \/><\/a>Zar\u00f3wno archiwum, jak i Zamek Trebnitz dysponuj\u0105 pomieszczeniami, kt\u00f3re mo\u017cecie Pa\u0144stwo wynaj\u0105\u0107 do przeprowadzenia w\u0142asnych wydarze\u0144. Z przyjemno\u015bci\u0105 udzielimy Pa\u0144stwu pomocy w planowaniu Pa\u0144stwa przedsi\u0119wzi\u0119cia.<br \/>\nCeny sali konferencyjnej (bez wy\u017cywienia)<\/p>\n<p>\u2022 1 dzie\u0144 100,00 \u20ac<br \/>\n\u2022 0,5 dnia 80,00 \u20ac<\/p>\n<p>Zapytania prosimy kierowa\u0107 na adres: <a href=\"mailto:info@archiv-heilpaedagogik.de\">info@archiv-heilpaedagogik.de<\/a><\/p>","protected":false},"excerpt":{"rendered":"<p>Zar\u00f3wno archiwum, jak i Zamek Trebnitz dysponuj\u0105 pomieszczeniami, kt\u00f3re mo\u017cecie Pa\u0144stwo wynaj\u0105\u0107 do przeprowadzenia w\u0142asnych wydarze\u0144. Z przyjemno\u015bci\u0105 udzielimy Pa\u0144stwu pomocy w planowaniu Pa\u0144stwa przedsi\u0119wzi\u0119cia.&hellip;<\/p>\n<p><a href=\"https:\/\/archiv-heilpaedagogik.de\/pl\/angebote\/angebote-tagen\/\" class=\"more-link post-excerpt-readmore\">Read more<\/a><\/p>\n","protected":false},"author":1,"featured_media":0,"parent":6710,"menu_order":0,"comment_status":"closed","ping_status":"closed","template":"","meta":{"footnotes":""},"class_list":["post-6735","page","type-page","status-publish","hentry"],"aioseo_notices":[],"_links":{"self":[{"href":"https:\/\/archiv-heilpaedagogik.de\/pl\/wp-json\/wp\/v2\/pages\/6735","targetHints":{"allow":["GET"]}}],"collection":[{"href":"https:\/\/archiv-heilpaedagogik.de\/pl\/wp-json\/wp\/v2\/pages"}],"about":[{"href":"https:\/\/archiv-heilpaedagogik.de\/pl\/wp-json\/wp\/v2\/types\/page"}],"author":[{"embeddable":true,"href":"https:\/\/archiv-heilpaedagogik.de\/pl\/wp-json\/wp\/v2\/users\/1"}],"replies":[{"embeddable":true,"href":"https:\/\/archiv-heilpaedagogik.de\/pl\/wp-json\/wp\/v2\/comments?post=6735"}],"version-history":[{"count":0,"href":"https:\/\/archiv-heilpaedagogik.de\/pl\/wp-json\/wp\/v2\/pages\/6735\/revisions"}],"up":[{"embeddable":true,"href":"https:\/\/archiv-heilpaedagogik.de\/pl\/wp-json\/wp\/v2\/pages\/6710"}],"wp:attachment":[{"href":"https:\/\/archiv-heilpaedagogik.de\/pl\/wp-json\/wp\/v2\/media?parent=6735"}],"curies":[{"name":"wp","href":"https:\/\/api.w.org\/{rel}","templated":true}]}}