{"id":6729,"date":"2018-02-21T15:26:04","date_gmt":"2018-02-21T14:26:04","guid":{"rendered":"https:\/\/archiv-heilpaedagogik.de\/angebote\/angebote-projekttage-copy\/"},"modified":"2023-06-28T13:04:56","modified_gmt":"2023-06-28T11:04:56","slug":"angebote-foerderpreis","status":"publish","type":"page","link":"https:\/\/archiv-heilpaedagogik.de\/pl\/angebote\/angebote-foerderpreis\/","title":{"rendered":"Nagroda"},"content":{"rendered":"<p><a href=\"https:\/\/archiv-heilpaedagogik.de\/wp-content\/uploads\/2018\/02\/Angebote_Startseite-Foerderpreis.jpg\"><img class=\"lazyload alignright wp-image-6714 size-medium\" data-original=\"https:\/\/archiv-heilpaedagogik.de\/wp-content\/uploads\/2018\/02\/Angebote_Startseite-Foerderpreis-300x200.jpg\" alt=\"Angebote_Startseite-Foerderpreis\" width=\"300\" height=\"200\" \/><\/a>Nagroda za wyr\u00f3\u017cniaj\u0105ce si\u0119 prace dyplomowe w dziedzinie pedagogiki specjalnej przyznawana jest co dwa lata. S\u0142u\u017cy ona wspieraniu m\u0142odych naukowc\u00f3w i wspomaga rozw\u00f3j bada\u0144 na temat pedagogiki specjalnej w Mi\u0119dzynarodowym Archiwum.<\/p>\n<div class=\"omsc-clear\"><\/div>\n<div class=\"omsc-accordion\">\n<p><div class=\"omsc-toggle omsc-expanded\"><div class=\"omsc-toggle-title\">F\u00f6rderpreis 2020<\/div><div class=\"omsc-toggle-inner\" style=\"display:block\"><br \/>\n<b>Aktuelle Bewerbungsfrist: 31.12.2019<\/b><\/p>\n<p><a href=\"https:\/\/archiv-heilpaedagogik.de\/angebote\/angebote-foerderpreis\/ausschreibung-foerderpreis\/\">Hier gelangen Sie zur aktuellen Ausschreibung.<\/a><br \/>\n<\/div><\/div><br \/>\n<div class=\"omsc-toggle\"><div class=\"omsc-toggle-title\">F\u00f6rderpreis 2018<\/div><div class=\"omsc-toggle-inner\"><br \/>\nDie Frist zur Einreichung der Arbeiten f\u00fcr den F\u00f6rderpreis 2018 ist abgelaufen. Wir bedanken uns herzlich f\u00fcr die eingereichten Arbeiten. Sobald die Auswahl abgeschlossen ist, werden die Preistr\u00e4ger\/innen von uns schriftlich informiert.<br \/>\n<\/div><\/div><br \/>\n<div class=\"omsc-toggle\"><div class=\"omsc-toggle-title\">F\u00f6rderpreis 2016<\/div><div class=\"omsc-toggle-inner\"><br \/>\n<a href=\"https:\/\/archiv-heilpaedagogik.de\/wp-content\/uploads\/2018\/02\/Angebote_Startseite-Foerderpreis.jpg\"><img class=\"lazyload alignleft size-medium wp-image-6714\" data-original=\"https:\/\/archiv-heilpaedagogik.de\/wp-content\/uploads\/2018\/02\/Angebote_Startseite-Foerderpreis-300x200.jpg\" alt=\"Angebote_Startseite-Foerderpreis\" width=\"300\" height=\"200\" \/><\/a>Die F\u00f6rderpreise des Jahres 2016 wurden am 13. November in Berlin vergeben. Preistr\u00e4ger waren Heike Schricker mit der Arbeit \u201eEmotionen als Ressource in der Arbeit bei Menschen mit Demenz\u201c, Monika H\u00e4u\u00dfner mit einer Arbeit zum Thema \u201eElternberatung im heilp\u00e4dagogisch-inklusiven Kontext\u201c und Dennis Menze mit einer Bachelor Arbeit zum Thema \u201eAuschwitz im Bewusstsein der fr\u00fchen Nachkriegsheilp\u00e4dagogik\u201c.<\/p>\n<p>Alle Texte sind <a href=\"https:\/\/archiv-heilpaedagogik.de\/angebote\/angebote-publikationen\/\">in Buchform ver\u00f6ffentlicht<\/a> und k\u00f6nnen \u00fcber den BHP-Verlag oder \u00fcber das Archiv bezogen werden.<br \/>\n<\/div><\/div><br \/>\n<div class=\"omsc-toggle\"><div class=\"omsc-toggle-title\">F\u00f6rderpreis 2014<\/div><div class=\"omsc-toggle-inner\"><br \/>\n<a href=\"https:\/\/archiv-heilpaedagogik.de\/wp-content\/uploads\/2018\/02\/Angebote_Startseite-Foerderpreis-2014.jpg\"><img class=\"lazyload alignleft size-medium wp-image-6965\" data-original=\"https:\/\/archiv-heilpaedagogik.de\/wp-content\/uploads\/2018\/02\/Angebote_Startseite-Foerderpreis-2014-300x200.jpg\" alt=\"Angebote_Startseite-Foerderpreis-2014\" width=\"300\" height=\"200\" \/><\/a>Der F\u00f6rderpreis 2014 wurde anl\u00e4\u00dflich der Bundesfachtagung des BHP am 23.11.2014 in Berlin an Frau Christina Saroka und Frau Sabine Unterreitmeier \u00fcberreicht. Beide Arbeiten sind im \u2192 <a href=\"http:\/\/bhpverlag.de\/produkt-kategorie\/programm\/\" target=\"_blank\" rel=\"noopener noreferrer\">BHP-Verlag<\/a> erschienen. Die Laudationen auf die Preistr\u00e4gerinnen finden Sie im <a href=\"https:\/\/archiv-heilpaedagogik.de\/ueber-uns\/downloads\/\" target=\"_blank\" rel=\"noopener noreferrer\">Downloadbereich<\/a>.<\/div><\/div><\/p>\n<p><\/div><\/p>","protected":false},"excerpt":{"rendered":"<p>Nagroda za wyr\u00f3\u017cniaj\u0105ce si\u0119 prace dyplomowe w dziedzinie pedagogiki specjalnej przyznawana jest co dwa lata. S\u0142u\u017cy ona wspieraniu m\u0142odych naukowc\u00f3w i wspomaga rozw\u00f3j bada\u0144 na&hellip;<\/p>\n<p><a href=\"https:\/\/archiv-heilpaedagogik.de\/pl\/angebote\/angebote-foerderpreis\/\" class=\"more-link post-excerpt-readmore\">Read more<\/a><\/p>\n","protected":false},"author":1,"featured_media":0,"parent":6710,"menu_order":0,"comment_status":"closed","ping_status":"closed","template":"","meta":{"footnotes":""},"class_list":["post-6729","page","type-page","status-publish","hentry"],"aioseo_notices":[],"_links":{"self":[{"href":"https:\/\/archiv-heilpaedagogik.de\/pl\/wp-json\/wp\/v2\/pages\/6729","targetHints":{"allow":["GET"]}}],"collection":[{"href":"https:\/\/archiv-heilpaedagogik.de\/pl\/wp-json\/wp\/v2\/pages"}],"about":[{"href":"https:\/\/archiv-heilpaedagogik.de\/pl\/wp-json\/wp\/v2\/types\/page"}],"author":[{"embeddable":true,"href":"https:\/\/archiv-heilpaedagogik.de\/pl\/wp-json\/wp\/v2\/users\/1"}],"replies":[{"embeddable":true,"href":"https:\/\/archiv-heilpaedagogik.de\/pl\/wp-json\/wp\/v2\/comments?post=6729"}],"version-history":[{"count":7,"href":"https:\/\/archiv-heilpaedagogik.de\/pl\/wp-json\/wp\/v2\/pages\/6729\/revisions"}],"predecessor-version":[{"id":9841,"href":"https:\/\/archiv-heilpaedagogik.de\/pl\/wp-json\/wp\/v2\/pages\/6729\/revisions\/9841"}],"up":[{"embeddable":true,"href":"https:\/\/archiv-heilpaedagogik.de\/pl\/wp-json\/wp\/v2\/pages\/6710"}],"wp:attachment":[{"href":"https:\/\/archiv-heilpaedagogik.de\/pl\/wp-json\/wp\/v2\/media?parent=6729"}],"curies":[{"name":"wp","href":"https:\/\/api.w.org\/{rel}","templated":true}]}}