{"id":6720,"date":"2018-02-21T15:10:54","date_gmt":"2018-02-21T14:10:54","guid":{"rendered":"https:\/\/archiv-heilpaedagogik.de\/bestaende\/bestaende-archiv-copy\/"},"modified":"2023-06-28T08:51:16","modified_gmt":"2023-06-28T06:51:16","slug":"angebote-projekttage","status":"publish","type":"page","link":"https:\/\/archiv-heilpaedagogik.de\/pl\/angebote\/angebote-projekttage\/","title":{"rendered":"Studia w Archiwum \u2013 Dni projektowe"},"content":{"rendered":"<p><a href=\"https:\/\/archiv-heilpaedagogik.de\/wp-content\/uploads\/2018\/03\/Angebote_Projekttage-2.jpg\"><img class=\"lazyload alignright wp-image-7075 size-medium\" data-original=\"https:\/\/archiv-heilpaedagogik.de\/wp-content\/uploads\/2018\/03\/Angebote_Projekttage-2-300x200.jpg\" alt=\"\" width=\"300\" height=\"200\" \/><\/a>Studenci uczelni wy\u017cszych mog\u0105 wzi\u0105\u0107 udzia\u0142 w organizowanych przez archiwum \u201eDniach projektowych na temat historii pedagogiki specjalnej \u201c. Sk\u0142adaj\u0105 si\u0119 na nie wyk\u0142ady tematyczne, a tak\u017ce wyk\u0142ady na temat mo\u017cliwo\u015bci korzystania z archiwum. Studenci prowadz\u0105 tak\u017ce badania na temat zagadnie\u0144 historycznych.<br \/>\nDo wyboru s\u0105 r\u00f3\u017cne formaty i tre\u015bci. Mog\u0105 Pa\u0144stwo u\u0142o\u017cy\u0107 program Dni projektowych zar\u00f3wno w ramach czasowych, jak te\u017c w oparciu o interesuj\u0105c\u0105 Pa\u0144stwa problematyk\u0119. Przed przyjazdem prosimy o nawi\u0105zanie z nami kontaktu.<\/p>\n<ul>\n<li>1\/2 d<span class=\"pink\">nia<\/span>: 5 x 45 min.<\/li>\n<li>1 d<span class=\"pink\">zie\u0144<\/span>: 10 x 45 Min.<\/li>\n<li>3 d<span class=\"pink\">nie<\/span>: 20 x 45 Min.<\/li>\n<\/ul>\n<p><\/p>","protected":false},"excerpt":{"rendered":"<p>Studenci uczelni wy\u017cszych mog\u0105 wzi\u0105\u0107 udzia\u0142 w organizowanych przez archiwum \u201eDniach projektowych na temat historii pedagogiki specjalnej \u201c. Sk\u0142adaj\u0105 si\u0119 na nie wyk\u0142ady tematyczne, a&hellip;<\/p>\n<p><a href=\"https:\/\/archiv-heilpaedagogik.de\/pl\/angebote\/angebote-projekttage\/\" class=\"more-link post-excerpt-readmore\">Read more<\/a><\/p>\n","protected":false},"author":1,"featured_media":0,"parent":6710,"menu_order":0,"comment_status":"closed","ping_status":"closed","template":"","meta":{"footnotes":""},"class_list":["post-6720","page","type-page","status-publish","hentry"],"aioseo_notices":[],"_links":{"self":[{"href":"https:\/\/archiv-heilpaedagogik.de\/pl\/wp-json\/wp\/v2\/pages\/6720","targetHints":{"allow":["GET"]}}],"collection":[{"href":"https:\/\/archiv-heilpaedagogik.de\/pl\/wp-json\/wp\/v2\/pages"}],"about":[{"href":"https:\/\/archiv-heilpaedagogik.de\/pl\/wp-json\/wp\/v2\/types\/page"}],"author":[{"embeddable":true,"href":"https:\/\/archiv-heilpaedagogik.de\/pl\/wp-json\/wp\/v2\/users\/1"}],"replies":[{"embeddable":true,"href":"https:\/\/archiv-heilpaedagogik.de\/pl\/wp-json\/wp\/v2\/comments?post=6720"}],"version-history":[{"count":6,"href":"https:\/\/archiv-heilpaedagogik.de\/pl\/wp-json\/wp\/v2\/pages\/6720\/revisions"}],"predecessor-version":[{"id":9822,"href":"https:\/\/archiv-heilpaedagogik.de\/pl\/wp-json\/wp\/v2\/pages\/6720\/revisions\/9822"}],"up":[{"embeddable":true,"href":"https:\/\/archiv-heilpaedagogik.de\/pl\/wp-json\/wp\/v2\/pages\/6710"}],"wp:attachment":[{"href":"https:\/\/archiv-heilpaedagogik.de\/pl\/wp-json\/wp\/v2\/media?parent=6720"}],"curies":[{"name":"wp","href":"https:\/\/api.w.org\/{rel}","templated":true}]}}