{"id":6710,"date":"2018-02-21T14:28:00","date_gmt":"2018-02-21T13:28:00","guid":{"rendered":"https:\/\/archiv-heilpaedagogik.de\/bestaende-copy\/"},"modified":"2019-01-21T15:54:00","modified_gmt":"2019-01-21T14:54:00","slug":"angebote","status":"publish","type":"page","link":"https:\/\/archiv-heilpaedagogik.de\/pl\/angebote\/","title":{"rendered":"Oferty"},"content":{"rendered":"<p><\/p>\n<h2><a href=\"https:\/\/archiv-heilpaedagogik.de\/wp-content\/uploads\/2018\/03\/Angebote_Projekttage-2.jpg\"><img class=\"lazyload wp-image-7075 size-medium alignleft\" data-original=\"https:\/\/archiv-heilpaedagogik.de\/wp-content\/uploads\/2018\/03\/Angebote_Projekttage-2-300x200.jpg\" alt=\"\" width=\"300\" height=\"200\" \/><\/a>Studia w archiwum \u2013 Dni projektowe<\/h2>\n<p>Studenci pedagogiki specjalnej mog\u0105 skorzysta\u0107 z oferty \u201edni projektowych\u201c, by dowiedzie\u0107 si\u0119 wi\u0119cej o historii ich dziedziny.<\/p>\n<p><a href=\"https:\/\/archiv-heilpaedagogik.de\/angebote\/angebote-projekttage\/\">O \u201eDniach projektowych\u201c<\/a><div class=\"omsc-clear\"><\/div><\/p>\n<h2><a href=\"https:\/\/archiv-heilpaedagogik.de\/angebote\/publikationen\/\"><img class=\"lazyload alignleft wp-image-6483 size-medium\" data-original=\"https:\/\/archiv-heilpaedagogik.de\/wp-content\/uploads\/2018\/02\/Publikation_WR-03-Klein-300x200.jpg\" alt=\"Ferdinand Klein - Heilp\u00e4dagogik im Dialog\" width=\"300\" height=\"200\" \/><\/a>Seria naukowa<\/h2>\n<p>Instytut Emila E. Kobi jest wydawc\u0105 serii naukowej Mi\u0119dzynarodowego Archiwum.<\/p>\n<p><a href=\"https:\/\/archiv-heilpaedagogik.de\/angebote\/publikationen\/\">Do serii naukowej<\/a><div class=\"omsc-clear\"><\/div><\/p>\n<h2><a href=\"https:\/\/archiv-heilpaedagogik.de\/angebote\/angebote-foerderpreis\/\"><img class=\"lazyload alignleft wp-image-6714 size-medium\" data-original=\"https:\/\/archiv-heilpaedagogik.de\/wp-content\/uploads\/2018\/02\/Angebote_Startseite-Foerderpreis-300x200.jpg\" alt=\"Angebote_Startseite-Foerderpreis\" width=\"300\" height=\"200\" \/><\/a>Nagroda<\/h2>\n<p>Stowarzyszenie wspieraj\u0105ce Mi\u0119dzynarodowe Archiwum Pedagogiki Specjalnej, wraz ze stowarzyszeniem Zwi\u0105zek Zawodowy i Fachowy Pedagogiki Specjalnej (Berufs- und Fachverband f\u00fcr Heilp\u00e4dagogik BHP), przyznaj\u0105 co dwa lata nagrod\u0119 za wyr\u00f3\u017cniaj\u0105ce si\u0119 prace dyplomowe.<\/p>\n<p><a href=\"https:\/\/archiv-heilpaedagogik.de\/angebote\/angebote-foerderpreis\/\">O nagrodzie<\/a><div class=\"omsc-clear\"><\/div><\/p>\n<h2><a href=\"https:\/\/archiv-heilpaedagogik.de\/angebote\/angebote-tagen\/\"><img class=\"lazyload alignleft wp-image-6715 size-medium\" data-original=\"https:\/\/archiv-heilpaedagogik.de\/wp-content\/uploads\/2018\/02\/Angebote_Startseite-Tagen-300x200.jpg\" alt=\"Angebote_Startseite-Tagen\" width=\"300\" height=\"200\" \/><\/a>Konferencje i noclegi<\/h2>\n<p>Na terenie Campusu Trebnitz istnieje mo\u017cliwo\u015b\u0107 wynaj\u0119cia szeregu pomieszcze\u0144 konferencyjnych oraz noclegowych.<\/p>\n<p><a href=\"https:\/\/archiv-heilpaedagogik.de\/angebote\/angebote-tagen\/\">O konferencjach i noclegachu<\/a><div class=\"omsc-clear\"><\/div><\/p>\n<h2><a href=\"https:\/\/archiv-heilpaedagogik.de\/angebote\/angebote-dorfbuecherei\/\"><img class=\"lazyload wp-image-6852 size-medium alignleft\" data-original=\"https:\/\/archiv-heilpaedagogik.de\/wp-content\/uploads\/2018\/02\/Angebote_Dorfbuecherei-2-300x200.jpg\" alt=\"Angebote Dorfbuecherei\" width=\"300\" height=\"200\" \/><\/a>Biblioteka wiejska i pedagogiczny antykwariat specjalistyczny<\/h2>\n<p>W budynku Archiwum mie\u015bci si\u0119 od jesieni 2016 bezp\u0142atna biblioteka wiejska Trebnitz, a tak\u017ce Antykwariat Pedagogiczny, specjalizuj\u0105cy si\u0119 w literaturze po\u015bwi\u0119conej pedagogice specjalnej.<\/p>\n<p><a href=\"https:\/\/archiv-heilpaedagogik.de\/angebote\/angebote-dorfbuecherei\/\">Do Biblioteki wiejskiej\/Pedagogicznego antykwariatu specjalistycznego<\/a><div class=\"omsc-clear\"><\/div><\/p>\n<h2><a href=\"https:\/\/archiv-heilpaedagogik.de\/angebote\/angebote-links\/\"><img class=\"lazyload alignleft wp-image-6718 size-medium\" data-original=\"https:\/\/archiv-heilpaedagogik.de\/wp-content\/uploads\/2018\/02\/Angebote_Startseite-Links-1-300x200.jpg\" alt=\"Angebote_Startseite-Links\" width=\"300\" height=\"200\" \/><\/a>Linki<\/h2>\n<p>W tym miejscu znajd\u0105 Pa\u0144stwo wskaz\u00f3wki na temat innych instytucji i portali informacyjnych z kr\u0119gu pedagogiki specjalnej..<\/p>\n<p><a href=\"https:\/\/archiv-heilpaedagogik.de\/angebote\/angebote-links\/\">Linki<\/a><div class=\"omsc-clear\"><\/div><\/p>","protected":false},"excerpt":{"rendered":"<p>Studia w archiwum \u2013 Dni projektowe Studenci pedagogiki specjalnej mog\u0105 skorzysta\u0107 z oferty \u201edni projektowych\u201c, by dowiedzie\u0107 si\u0119 wi\u0119cej o historii ich dziedziny. O \u201eDniach&hellip;<\/p>\n<p><a href=\"https:\/\/archiv-heilpaedagogik.de\/pl\/angebote\/\" class=\"more-link post-excerpt-readmore\">Read more<\/a><\/p>\n","protected":false},"author":1,"featured_media":0,"parent":0,"menu_order":0,"comment_status":"closed","ping_status":"closed","template":"","meta":{"footnotes":""},"class_list":["post-6710","page","type-page","status-publish","hentry"],"aioseo_notices":[],"_links":{"self":[{"href":"https:\/\/archiv-heilpaedagogik.de\/pl\/wp-json\/wp\/v2\/pages\/6710","targetHints":{"allow":["GET"]}}],"collection":[{"href":"https:\/\/archiv-heilpaedagogik.de\/pl\/wp-json\/wp\/v2\/pages"}],"about":[{"href":"https:\/\/archiv-heilpaedagogik.de\/pl\/wp-json\/wp\/v2\/types\/page"}],"author":[{"embeddable":true,"href":"https:\/\/archiv-heilpaedagogik.de\/pl\/wp-json\/wp\/v2\/users\/1"}],"replies":[{"embeddable":true,"href":"https:\/\/archiv-heilpaedagogik.de\/pl\/wp-json\/wp\/v2\/comments?post=6710"}],"version-history":[{"count":1,"href":"https:\/\/archiv-heilpaedagogik.de\/pl\/wp-json\/wp\/v2\/pages\/6710\/revisions"}],"predecessor-version":[{"id":9236,"href":"https:\/\/archiv-heilpaedagogik.de\/pl\/wp-json\/wp\/v2\/pages\/6710\/revisions\/9236"}],"wp:attachment":[{"href":"https:\/\/archiv-heilpaedagogik.de\/pl\/wp-json\/wp\/v2\/media?parent=6710"}],"curies":[{"name":"wp","href":"https:\/\/api.w.org\/{rel}","templated":true}]}}