{"id":6691,"date":"2018-02-21T13:13:52","date_gmt":"2018-02-21T12:13:52","guid":{"rendered":"https:\/\/archiv-heilpaedagogik.de\/bestaende\/bestaende-zeitschriftenarchiv-copy\/"},"modified":"2019-04-02T11:08:16","modified_gmt":"2019-04-02T09:08:16","slug":"bestaende-fachbibliothek","status":"publish","type":"page","link":"https:\/\/archiv-heilpaedagogik.de\/pl\/bestaende\/bestaende-fachbibliothek\/","title":{"rendered":"Biblioteka specjalistyczna"},"content":{"rendered":"<p><img class=\"lazyload alignright wp-image-6773 size-medium\" data-original=\"https:\/\/archiv-heilpaedagogik.de\/wp-content\/uploads\/2018\/02\/18_2933-200x300.jpg\" alt=\"\" width=\"200\" height=\"300\" \/><\/p>\n<p>W budynku Mi\u0119dzynarodowego Archiwum Pedagogiki Specjalnej znajduje si\u0119 biblioteka specjalistyczna gromadz\u0105ca zar\u00f3wno starsz\u0105, jak i aktualn\u0105 literatur\u0119 po\u015bwi\u0119con\u0105 tematowi pedagogiki specjalnej.<\/p>\n<ul>\n<li>Do katalogu online: <a href=\"http:\/\/www.biblino.de\/archivheilpaed\">www.biblino.de\/archivheilpaed<\/a> (Link zewn\u0119trzny).<\/li>\n<\/ul>\n<p><\/p>","protected":false},"excerpt":{"rendered":"<p>W budynku Mi\u0119dzynarodowego Archiwum Pedagogiki Specjalnej znajduje si\u0119 biblioteka specjalistyczna gromadz\u0105ca zar\u00f3wno starsz\u0105, jak i aktualn\u0105 literatur\u0119 po\u015bwi\u0119con\u0105 tematowi pedagogiki specjalnej. Do katalogu online: www.biblino.de\/archivheilpaed&hellip;<\/p>\n<p><a href=\"https:\/\/archiv-heilpaedagogik.de\/pl\/bestaende\/bestaende-fachbibliothek\/\" class=\"more-link post-excerpt-readmore\">Read more<\/a><\/p>\n","protected":false},"author":1,"featured_media":0,"parent":6670,"menu_order":0,"comment_status":"closed","ping_status":"closed","template":"","meta":{"footnotes":""},"class_list":["post-6691","page","type-page","status-publish","hentry"],"aioseo_notices":[],"_links":{"self":[{"href":"https:\/\/archiv-heilpaedagogik.de\/pl\/wp-json\/wp\/v2\/pages\/6691","targetHints":{"allow":["GET"]}}],"collection":[{"href":"https:\/\/archiv-heilpaedagogik.de\/pl\/wp-json\/wp\/v2\/pages"}],"about":[{"href":"https:\/\/archiv-heilpaedagogik.de\/pl\/wp-json\/wp\/v2\/types\/page"}],"author":[{"embeddable":true,"href":"https:\/\/archiv-heilpaedagogik.de\/pl\/wp-json\/wp\/v2\/users\/1"}],"replies":[{"embeddable":true,"href":"https:\/\/archiv-heilpaedagogik.de\/pl\/wp-json\/wp\/v2\/comments?post=6691"}],"version-history":[{"count":0,"href":"https:\/\/archiv-heilpaedagogik.de\/pl\/wp-json\/wp\/v2\/pages\/6691\/revisions"}],"up":[{"embeddable":true,"href":"https:\/\/archiv-heilpaedagogik.de\/pl\/wp-json\/wp\/v2\/pages\/6670"}],"wp:attachment":[{"href":"https:\/\/archiv-heilpaedagogik.de\/pl\/wp-json\/wp\/v2\/media?parent=6691"}],"curies":[{"name":"wp","href":"https:\/\/api.w.org\/{rel}","templated":true}]}}