{"id":6674,"date":"2018-02-21T12:51:39","date_gmt":"2018-02-21T11:51:39","guid":{"rendered":"https:\/\/archiv-heilpaedagogik.de\/bestaende\/bestaende-archiv-copy\/"},"modified":"2019-01-21T13:18:48","modified_gmt":"2019-01-21T12:18:48","slug":"bestaende-zeitschriftenarchiv","status":"publish","type":"page","link":"https:\/\/archiv-heilpaedagogik.de\/pl\/bestaende\/bestaende-zeitschriftenarchiv\/","title":{"rendered":"Archiwum czasopism"},"content":{"rendered":"<p><img class=\"lazyload wp-image-6436 size-medium alignright\" data-original=\"https:\/\/archiv-heilpaedagogik.de\/wp-content\/uploads\/2018\/02\/Galerie_innen-IMG_3131-300x200.jpg\" alt=\"Zeitschriftenarchiv\" width=\"300\" height=\"200\" \/>Punkt ci\u0119\u017cko\u015bci archiwum czasopism stanowi\u0105 periodyki, kt\u00f3re ukaza\u0142y si\u0119 przed rokiem 1960.<br \/>\nPo z\u0142o\u017ceniu <a href=\"https:\/\/archiv-heilpaedagogik.de\/kontakt\/\">zapytania<\/a> mo\u017cliwe jest otrzymanie kopii poszczeg\u00f3lnych artyku\u0142\u00f3w drog\u0105 mailow\u0105.<\/p>\n<ul>\n<li>Przegl\u0105d zbior\u00f3w dost\u0119pny jest w formie PDF do pobrania pod linkiem.<br \/>\n<a href=\"https:\/\/archiv-heilpaedagogik.de\/ueber-uns\/downloads\/\">Do pobrania.<\/a><\/li>\n<\/ul>\n<p><\/p>","protected":false},"excerpt":{"rendered":"<p>Punkt ci\u0119\u017cko\u015bci archiwum czasopism stanowi\u0105 periodyki, kt\u00f3re ukaza\u0142y si\u0119 przed rokiem 1960. Po z\u0142o\u017ceniu zapytania mo\u017cliwe jest otrzymanie kopii poszczeg\u00f3lnych artyku\u0142\u00f3w drog\u0105 mailow\u0105. Przegl\u0105d zbior\u00f3w&hellip;<\/p>\n<p><a href=\"https:\/\/archiv-heilpaedagogik.de\/pl\/bestaende\/bestaende-zeitschriftenarchiv\/\" class=\"more-link post-excerpt-readmore\">Read more<\/a><\/p>\n","protected":false},"author":1,"featured_media":0,"parent":6670,"menu_order":0,"comment_status":"closed","ping_status":"closed","template":"","meta":{"footnotes":""},"class_list":["post-6674","page","type-page","status-publish","hentry"],"aioseo_notices":[],"_links":{"self":[{"href":"https:\/\/archiv-heilpaedagogik.de\/pl\/wp-json\/wp\/v2\/pages\/6674","targetHints":{"allow":["GET"]}}],"collection":[{"href":"https:\/\/archiv-heilpaedagogik.de\/pl\/wp-json\/wp\/v2\/pages"}],"about":[{"href":"https:\/\/archiv-heilpaedagogik.de\/pl\/wp-json\/wp\/v2\/types\/page"}],"author":[{"embeddable":true,"href":"https:\/\/archiv-heilpaedagogik.de\/pl\/wp-json\/wp\/v2\/users\/1"}],"replies":[{"embeddable":true,"href":"https:\/\/archiv-heilpaedagogik.de\/pl\/wp-json\/wp\/v2\/comments?post=6674"}],"version-history":[{"count":0,"href":"https:\/\/archiv-heilpaedagogik.de\/pl\/wp-json\/wp\/v2\/pages\/6674\/revisions"}],"up":[{"embeddable":true,"href":"https:\/\/archiv-heilpaedagogik.de\/pl\/wp-json\/wp\/v2\/pages\/6670"}],"wp:attachment":[{"href":"https:\/\/archiv-heilpaedagogik.de\/pl\/wp-json\/wp\/v2\/media?parent=6674"}],"curies":[{"name":"wp","href":"https:\/\/api.w.org\/{rel}","templated":true}]}}