{"id":6670,"date":"2018-02-21T12:41:43","date_gmt":"2018-02-21T11:41:43","guid":{"rendered":"https:\/\/archiv-heilpaedagogik.de\/bestaende-archiv-copy\/"},"modified":"2018-09-10T10:28:40","modified_gmt":"2018-09-10T08:28:40","slug":"bestaende","status":"publish","type":"page","link":"https:\/\/archiv-heilpaedagogik.de\/pl\/bestaende\/","title":{"rendered":"Best\u00e4nde im Internationalen Archiv f\u00fcr Heilp\u00e4dagogik"},"content":{"rendered":"<p><\/p>\n<h2><a href=\"https:\/\/archiv-heilpaedagogik.de\/bestaende\/bestaende-archiv\/\"><img class=\"lazyload alignleft wp-image-6704 size-medium\" data-original=\"https:\/\/archiv-heilpaedagogik.de\/wp-content\/uploads\/2018\/02\/Bestand_Startseite-Archiv-1-300x200.jpg\" alt=\"Bestand_Startseite-Archiv\" width=\"300\" height=\"200\" \/><\/a>Zbiory archiwalne<\/h2>\n<p>Mi\u0119dzynarodowe Archiwum Pedagogiki Specjalnej dokumentuje w swych zbiorach histori\u0119 pedagogiki specjalnej. Przechowuje ponadto zbiory stowarzyszenia o nazwie Zwi\u0105zek Zawodowy i Fachowy Pedagogiki Specjalnej (Berufs- und Fachverband f\u00fcr Heilp\u00e4dagogik BHP).<\/p>\n<p><a href=\"https:\/\/archiv-heilpaedagogik.de\/bestaende-archiv\/\">O Archiwum<\/a><div class=\"omsc-clear\"><\/div><\/p>\n<h2><a href=\"https:\/\/archiv-heilpaedagogik.de\/bestaende\/bestaende-zeitschriftenarchiv\/\"><img class=\"lazyload alignleft wp-image-6705 size-medium\" data-original=\"https:\/\/archiv-heilpaedagogik.de\/wp-content\/uploads\/2018\/02\/Bestand_Startseite-Zeitschriften-1-300x200.jpg\" alt=\"Bestand_Startseite-Zeitschriften\" width=\"300\" height=\"200\" \/><\/a>Archiwum czasopism<\/h2>\n<p>Archiwum czasopism przechowuje na ten moment oko\u0142o 230 tytu\u0142\u00f3w periodyk\u00f3w zwi\u0105zanych z pedagogik\u0105 specjaln\u0105.<\/p>\n<p><a href=\"https:\/\/archiv-heilpaedagogik.de\/bestaende\/bestaende-zeitschriftenarchiv\/\">O archiwum czasopism<\/a><div class=\"omsc-clear\"><\/div><\/p>\n<h2><a href=\"https:\/\/archiv-heilpaedagogik.de\/bestaende\/bestaende-fachbibliothek\/\"><img class=\"lazyload alignleft wp-image-6706 size-medium\" data-original=\"https:\/\/archiv-heilpaedagogik.de\/wp-content\/uploads\/2018\/02\/Bestand_Startseite-Fachbibliothek-1-300x200.jpg\" alt=\"Bestand_Startseite-Fachbibliothek\" width=\"300\" height=\"200\" \/><\/a>Biblioteka specjalistyczna<\/h2>\n<p>Biblioteka Mi\u0119dzynarodowego Archiwum Pedagogiki Specjalnej czynna jest w godzinach pracy archiwum.<\/p>\n<p><a href=\"https:\/\/archiv-heilpaedagogik.de\/bestaende\/bestaende-fachbibliothek\/\">O bibliotece<\/a><div class=\"omsc-clear\"><\/div><\/p>","protected":false},"excerpt":{"rendered":"<p>Zbiory archiwalne Mi\u0119dzynarodowe Archiwum Pedagogiki Specjalnej dokumentuje w swych zbiorach histori\u0119 pedagogiki specjalnej. Przechowuje ponadto zbiory stowarzyszenia o nazwie Zwi\u0105zek Zawodowy i Fachowy Pedagogiki Specjalnej&hellip;<\/p>\n<p><a href=\"https:\/\/archiv-heilpaedagogik.de\/pl\/bestaende\/\" class=\"more-link post-excerpt-readmore\">Read more<\/a><\/p>\n","protected":false},"author":1,"featured_media":0,"parent":0,"menu_order":0,"comment_status":"closed","ping_status":"closed","template":"","meta":{"footnotes":""},"class_list":["post-6670","page","type-page","status-publish","hentry"],"aioseo_notices":[],"_links":{"self":[{"href":"https:\/\/archiv-heilpaedagogik.de\/pl\/wp-json\/wp\/v2\/pages\/6670","targetHints":{"allow":["GET"]}}],"collection":[{"href":"https:\/\/archiv-heilpaedagogik.de\/pl\/wp-json\/wp\/v2\/pages"}],"about":[{"href":"https:\/\/archiv-heilpaedagogik.de\/pl\/wp-json\/wp\/v2\/types\/page"}],"author":[{"embeddable":true,"href":"https:\/\/archiv-heilpaedagogik.de\/pl\/wp-json\/wp\/v2\/users\/1"}],"replies":[{"embeddable":true,"href":"https:\/\/archiv-heilpaedagogik.de\/pl\/wp-json\/wp\/v2\/comments?post=6670"}],"version-history":[{"count":0,"href":"https:\/\/archiv-heilpaedagogik.de\/pl\/wp-json\/wp\/v2\/pages\/6670\/revisions"}],"wp:attachment":[{"href":"https:\/\/archiv-heilpaedagogik.de\/pl\/wp-json\/wp\/v2\/media?parent=6670"}],"curies":[{"name":"wp","href":"https:\/\/api.w.org\/{rel}","templated":true}]}}