{"id":6654,"date":"2018-02-21T12:04:18","date_gmt":"2018-02-21T11:04:18","guid":{"rendered":"https:\/\/archiv-heilpaedagogik.de\/start-copy-copy\/"},"modified":"2019-01-24T14:51:47","modified_gmt":"2019-01-24T13:51:47","slug":"bestaende-archiv","status":"publish","type":"page","link":"https:\/\/archiv-heilpaedagogik.de\/pl\/bestaende\/bestaende-archiv\/","title":{"rendered":"Zbiory archiwalne"},"content":{"rendered":"<div id=\"attachment_7976\" style=\"width: 310px\" class=\"wp-caption alignright\"><img aria-describedby=\"caption-attachment-7976\" class=\"lazyload wp-image-7976 size-medium\" data-original=\"https:\/\/archiv-heilpaedagogik.de\/wp-content\/uploads\/2018\/08\/Archivkartonss-300x225.jpg\" alt=\"\" width=\"300\" height=\"225\" \/><p id=\"caption-attachment-7976\" class=\"wp-caption-text\">Archivbest\u00e4nde 'Pers\u00f6nlichkeiten und Nachl\u00e4sse&#8217;<\/p><\/div>\n<p><a href=\"https:\/\/archiv-heilpaedagogik.de\/wp-content\/uploads\/2018\/02\/Bestand_Archiv-Intro.jpg\"><img class=\"lazyload alignright wp-image-6664\" data-original=\"https:\/\/archiv-heilpaedagogik.de\/wp-content\/uploads\/2018\/02\/Bestand_Archiv-Intro-300x225.jpg\" alt=\"Bestand_Archiv-Intro\" width=\"300\" height=\"225\" \/><\/a>Zbiory archiwalne dost\u0119pne s\u0105 nieodp\u0142atnie. Wymagane jest uprzednie zg\u0142oszenie przybycia.<br \/>\nPrzed przybyciem do archiwum zalecane jest pisemne lub ustne nawi\u0105zanie kontaktu z jego pracowniami. Z przyjemno\u015bci\u0105 udzielimy Pa\u0144stwu informacji na temat posiadanych zbior\u00f3w.<\/p>\n<p><div class=\"omsc-one-third\">\nLink do katalogu archiwalnego:<br \/>\n<div class=\"clear\"><\/div><\/div><div class=\"omsc-one-third\">\n<a href=\"https:\/\/www.archivesportaleurope.net\/de\/directory\/-\/dir\/content\/DE-00000028672\/hg\" target=\"_blank\" rel=\"noopener\">www.archivportaleurope.net<\/a><br \/>\n<div class=\"clear\"><\/div><\/div><div class=\"omsc-one-third omsc-last\"><div class=\"clear\"><\/div><\/div><div class=\"omsc-clear\"><\/div><\/p>","protected":false},"excerpt":{"rendered":"<p>Zbiory archiwalne dost\u0119pne s\u0105 nieodp\u0142atnie. Wymagane jest uprzednie zg\u0142oszenie przybycia. Przed przybyciem do archiwum zalecane jest pisemne lub ustne nawi\u0105zanie kontaktu z jego pracowniami. Z&hellip;<\/p>\n<p><a href=\"https:\/\/archiv-heilpaedagogik.de\/pl\/bestaende\/bestaende-archiv\/\" class=\"more-link post-excerpt-readmore\">Read more<\/a><\/p>\n","protected":false},"author":1,"featured_media":0,"parent":6670,"menu_order":0,"comment_status":"closed","ping_status":"closed","template":"","meta":{"footnotes":""},"class_list":["post-6654","page","type-page","status-publish","hentry"],"aioseo_notices":[],"_links":{"self":[{"href":"https:\/\/archiv-heilpaedagogik.de\/pl\/wp-json\/wp\/v2\/pages\/6654","targetHints":{"allow":["GET"]}}],"collection":[{"href":"https:\/\/archiv-heilpaedagogik.de\/pl\/wp-json\/wp\/v2\/pages"}],"about":[{"href":"https:\/\/archiv-heilpaedagogik.de\/pl\/wp-json\/wp\/v2\/types\/page"}],"author":[{"embeddable":true,"href":"https:\/\/archiv-heilpaedagogik.de\/pl\/wp-json\/wp\/v2\/users\/1"}],"replies":[{"embeddable":true,"href":"https:\/\/archiv-heilpaedagogik.de\/pl\/wp-json\/wp\/v2\/comments?post=6654"}],"version-history":[{"count":0,"href":"https:\/\/archiv-heilpaedagogik.de\/pl\/wp-json\/wp\/v2\/pages\/6654\/revisions"}],"up":[{"embeddable":true,"href":"https:\/\/archiv-heilpaedagogik.de\/pl\/wp-json\/wp\/v2\/pages\/6670"}],"wp:attachment":[{"href":"https:\/\/archiv-heilpaedagogik.de\/pl\/wp-json\/wp\/v2\/media?parent=6654"}],"curies":[{"name":"wp","href":"https:\/\/api.w.org\/{rel}","templated":true}]}}