{"id":6518,"date":"2018-02-12T13:20:01","date_gmt":"2018-02-12T12:20:01","guid":{"rendered":"https:\/\/archiv-heilpaedagogik.de\/start-copy\/"},"modified":"2025-10-15T11:40:20","modified_gmt":"2025-10-15T09:40:20","slug":"start-copy","status":"publish","type":"page","link":"https:\/\/archiv-heilpaedagogik.de\/pl\/","title":{"rendered":"Mi\u0119dzynarodowe Archiwum Pedagogiki Specjalnej | Internationales Archiv f\u00fcr Heilp\u00e4dagogik"},"content":{"rendered":"<p style=\"text-align: left;\"><a href=\"https:\/\/archiv-heilpaedagogik.de\/wp-content\/uploads\/2018\/02\/Galerie_aussen-IMG_2661.jpg\"><img class=\"lazyload size-medium wp-image-6446 alignright\" data-original=\"https:\/\/archiv-heilpaedagogik.de\/wp-content\/uploads\/2018\/02\/Galerie_aussen-IMG_2661-300x225.jpg\" alt=\"\" width=\"300\" height=\"225\" \/><\/a>Mieszcz\u0105ce si\u0119 w le\u017c\u0105cym oko\u0142o 50 km na wsch\u00f3d od Berlina M\u00fcnchebergu (dzielnica Trebnitz) <em>Archiv f\u00fcr Heilp\u00e4dagogik*<\/em> (Mi\u0119dzynarodowe Archiwum Pedagogiki Specjalnej) dokumentuje w swych zbiorach histori\u0119 pedagogiki specjalnej. Podstaw\u0119 zbior\u00f3w stanowi\u0105 biblioteka podr\u0119czna, archiwum czasopism i zbiory archiwalne po\u015bwi\u0119cone osobom i instytucjom. W sk\u0142ad Archiwum wchodzi <a href=\"https:\/\/archiv-heilpaedagogik.de\/ueber-uns\/ueber-uns_institut\/\">Instytut Emila E. Kobi<\/a>, kt\u00f3ry tworzy w nim naukowe ramy badawcze historii pedagogiki specjalnej.<\/p>\n<p>*Poj\u0119cie &#8222;HEILP\u00c4DAGOGIK&#8221; zosta\u0142o wprowadzone na terenach niemieckoj\u0119zycznych w roku 1861 przez Heinricha Marianusa Deinharda. Opisuje ono teori\u0119 i praktyk\u0119 nauczania, wychowania, wspomagania oraz umo\u017cliwienia wsp\u00f3\u0142uczestnictwa os\u00f3b z niepe\u0142nosprawno\u015bciami w \u017cyciu szkolnym oraz wszelkich mo\u017cliwych sferach \u017cycia pozaszkolnego.<\/p>\n<h1>Aktuelle Meldungen<\/h1>\n<p>Hier finden Sie einen \u00dcberblick \u00fcber die neuesten Meldungen aus dem Archiv. Zu allen Meldungen gelangen Sie <a href=\"https:\/\/archiv-heilpaedagogik.de\/aktuelle-meldungen\/\">auf dieser Seite<\/a>.<\/p>\n <div><a href=\"https:\/\/archiv-heilpaedagogik.de\/pl\/10047-2\/\" title=\"\"><img loading=\"lazy\" decoding=\"async\" width=\"300\" height=\"207\" src=\"https:\/\/archiv-heilpaedagogik.de\/wp-content\/uploads\/2025\/06\/Kachel-MV2025-300x207.png\" class=\"archiv_blogbild wp-post-image\" alt=\"\" srcset=\"https:\/\/archiv-heilpaedagogik.de\/wp-content\/uploads\/2025\/06\/Kachel-MV2025-300x207.png 300w, https:\/\/archiv-heilpaedagogik.de\/wp-content\/uploads\/2025\/06\/Kachel-MV2025.png 580w\" sizes=\"auto, (max-width: 300px) 100vw, 300px\" \/><\/a><h3 class=\"lcp_post\"><a href=\"https:\/\/archiv-heilpaedagogik.de\/pl\/10047-2\/\"><\/a><\/h3> <div class=\"lcp_excerpt\"><p>Liebe Mitglieder und F\u00f6rderer des Internationalen Archivs, &#8230;<\/p>\n<\/div><a href=\"https:\/\/archiv-heilpaedagogik.de\/pl\/10047-2\/\">Weiterlesen<\/a><\/div><div class=\"clear\"><\/div><div><a href=\"https:\/\/archiv-heilpaedagogik.de\/pl\/ferdinand-klein-als-heilpaedagoge-im-ost-west-dialog\/\" title=\"Ferdinand Klein - Als Heilp\u00e4dagoge im Ost-West-Dialog\"><img loading=\"lazy\" decoding=\"async\" width=\"300\" height=\"207\" src=\"https:\/\/archiv-heilpaedagogik.de\/wp-content\/uploads\/2025\/06\/Kachel-Wissenschaftliche-Reihe-Band-10-580-x-400-px-300x207.png\" class=\"archiv_blogbild wp-post-image\" alt=\"Ferdinand Klein - Als Heilp\u00e4dagoge im Ost-West-Dialog\" srcset=\"https:\/\/archiv-heilpaedagogik.de\/wp-content\/uploads\/2025\/06\/Kachel-Wissenschaftliche-Reihe-Band-10-580-x-400-px-300x207.png 300w, https:\/\/archiv-heilpaedagogik.de\/wp-content\/uploads\/2025\/06\/Kachel-Wissenschaftliche-Reihe-Band-10-580-x-400-px.png 580w\" sizes=\"auto, (max-width: 300px) 100vw, 300px\" \/><\/a><h3 class=\"lcp_post\"><a href=\"https:\/\/archiv-heilpaedagogik.de\/pl\/ferdinand-klein-als-heilpaedagoge-im-ost-west-dialog\/\">Ferdinand Klein &#8211; Als Heilp\u00e4dagoge im Ost-West-Dialog<\/a><\/h3> <div class=\"lcp_excerpt\"><p>Dieser Band hat einen anderen, wenn auch historischen Bezug. Der Verfasser ist Ferdinand Klein (* 1934), ein Grandseigneur der Heil- und Sonderp\u00e4dagogik und das \u00e4lteste ...<\/div><a href=\"https:\/\/archiv-heilpaedagogik.de\/pl\/ferdinand-klein-als-heilpaedagoge-im-ost-west-dialog\/\">Weiterlesen<\/a><\/div><div class=\"clear\"><\/div><div><a href=\"https:\/\/archiv-heilpaedagogik.de\/pl\/wissenschaftliche-reihe-band-9-aufruhr-heilpaedagogik-neue-forschungsergebnisse-aus-der-zeit-des-nationalsozialismus\/\" title=\"Sammelband - Aufruhr Heilp\u00e4dagogik. Neue Forschungsergebnisse aus der Zeit des Nationalsozialismus\"><img loading=\"lazy\" decoding=\"async\" width=\"300\" height=\"207\" src=\"https:\/\/archiv-heilpaedagogik.de\/wp-content\/uploads\/2025\/06\/Kachel-Wissenschaftliche-Reihe-Band-09-580-x-400-px-300x207.png\" class=\"archiv_blogbild wp-post-image\" alt=\"Sammelband - Aufruhr Heilp\u00e4dagogik. Neue Forschungsergebnisse aus der Zeit des Nationalsozialismus\" srcset=\"https:\/\/archiv-heilpaedagogik.de\/wp-content\/uploads\/2025\/06\/Kachel-Wissenschaftliche-Reihe-Band-09-580-x-400-px-300x207.png 300w, https:\/\/archiv-heilpaedagogik.de\/wp-content\/uploads\/2025\/06\/Kachel-Wissenschaftliche-Reihe-Band-09-580-x-400-px.png 580w\" sizes=\"auto, (max-width: 300px) 100vw, 300px\" \/><\/a><h3 class=\"lcp_post\"><a href=\"https:\/\/archiv-heilpaedagogik.de\/pl\/wissenschaftliche-reihe-band-9-aufruhr-heilpaedagogik-neue-forschungsergebnisse-aus-der-zeit-des-nationalsozialismus\/\">Sammelband &#8211; Aufruhr Heilp\u00e4dagogik. Neue Forschungsergebnisse aus der Zeit des Nationalsozialismus<\/a><\/h3> <div class=\"lcp_excerpt\"><p>In diesem Band sind die Ergebnisse des 4. Symposiums vom 06.10. bis 07.10.2023 dokumentiert. Hier sind die Referate, die im Oktober 2023 in Trebnitz im ...<\/div><a href=\"https:\/\/archiv-heilpaedagogik.de\/pl\/wissenschaftliche-reihe-band-9-aufruhr-heilpaedagogik-neue-forschungsergebnisse-aus-der-zeit-des-nationalsozialismus\/\">Weiterlesen<\/a><\/div><div class=\"clear\"><\/div><div><a href=\"https:\/\/archiv-heilpaedagogik.de\/pl\/10025-2\/\" title=\"\"><img loading=\"lazy\" decoding=\"async\" width=\"300\" height=\"207\" src=\"https:\/\/archiv-heilpaedagogik.de\/wp-content\/uploads\/2025\/02\/Bernhard-Strunck-300x207.png\" class=\"archiv_blogbild wp-post-image\" alt=\"\" srcset=\"https:\/\/archiv-heilpaedagogik.de\/wp-content\/uploads\/2025\/02\/Bernhard-Strunck-300x207.png 300w, https:\/\/archiv-heilpaedagogik.de\/wp-content\/uploads\/2025\/02\/Bernhard-Strunck.png 580w\" sizes=\"auto, (max-width: 300px) 100vw, 300px\" \/><\/a><h3 class=\"lcp_post\"><a href=\"https:\/\/archiv-heilpaedagogik.de\/pl\/10025-2\/\"><\/a><\/h3> <div class=\"lcp_excerpt\"><p>Sehr geehrte Mitglieder, F\u00f6rderer sowie Freundinnen und Freunde des<br \/>\nF\u00f6rdervereins, <\/p>\n<\/div><a href=\"https:\/\/archiv-heilpaedagogik.de\/pl\/10025-2\/\">Weiterlesen<\/a><\/div><div class=\"clear\"><\/div><div><a href=\"https:\/\/archiv-heilpaedagogik.de\/pl\/ausstellung-in-der-stadtpfarrkirche-muencheberg\/\" title=\"Ausstellung in der Stadtpfarrkirche M\u00fcncheberg\"><img loading=\"lazy\" decoding=\"async\" width=\"300\" height=\"207\" src=\"https:\/\/archiv-heilpaedagogik.de\/wp-content\/uploads\/2024\/09\/Kachel-09.09.24-300x207.png\" class=\"archiv_blogbild wp-post-image\" alt=\"Ausstellung in der Stadtpfarrkirche M\u00fcncheberg\" srcset=\"https:\/\/archiv-heilpaedagogik.de\/wp-content\/uploads\/2024\/09\/Kachel-09.09.24-300x207.png 300w, https:\/\/archiv-heilpaedagogik.de\/wp-content\/uploads\/2024\/09\/Kachel-09.09.24.png 580w\" sizes=\"auto, (max-width: 300px) 100vw, 300px\" \/><\/a><h3 class=\"lcp_post\"><a href=\"https:\/\/archiv-heilpaedagogik.de\/pl\/ausstellung-in-der-stadtpfarrkirche-muencheberg\/\">Ausstellung in der Stadtpfarrkirche M\u00fcncheberg<\/a><\/h3> <div class=\"lcp_excerpt\"><p>1965\/1985: Zeichnungen aus der Sammlung des Internationalen Archivs f\u00fcr Heilp\u00e4dagogik Trebnitz<\/p>\n<\/div><a href=\"https:\/\/archiv-heilpaedagogik.de\/pl\/ausstellung-in-der-stadtpfarrkirche-muencheberg\/\">Weiterlesen<\/a><\/div><div class=\"clear\"><\/div><div><a href=\"https:\/\/archiv-heilpaedagogik.de\/pl\/hochschule-mal-anders-eine-exkursion-zum-internationalen-archiv-fuer-heilpaedagogik-trebnitz\/\" title=\"Hochschule mal anders - Eine Exkursion zum Internationalen Archiv f\u00fcr Heilp\u00e4dagogik Trebnitz\"><img loading=\"lazy\" decoding=\"async\" width=\"300\" height=\"207\" src=\"https:\/\/archiv-heilpaedagogik.de\/wp-content\/uploads\/2024\/08\/Kachel-24.08.24-300x207.png\" class=\"archiv_blogbild wp-post-image\" alt=\"Hochschule mal anders - Eine Exkursion zum Internationalen Archiv f\u00fcr Heilp\u00e4dagogik Trebnitz\" srcset=\"https:\/\/archiv-heilpaedagogik.de\/wp-content\/uploads\/2024\/08\/Kachel-24.08.24-300x207.png 300w, https:\/\/archiv-heilpaedagogik.de\/wp-content\/uploads\/2024\/08\/Kachel-24.08.24.png 580w\" sizes=\"auto, (max-width: 300px) 100vw, 300px\" \/><\/a><h3 class=\"lcp_post\"><a href=\"https:\/\/archiv-heilpaedagogik.de\/pl\/hochschule-mal-anders-eine-exkursion-zum-internationalen-archiv-fuer-heilpaedagogik-trebnitz\/\">Hochschule mal anders &#8211; Eine Exkursion zum Internationalen Archiv f\u00fcr Heilp\u00e4dagogik Trebnitz<\/a><\/h3> <div class=\"lcp_excerpt\"><p>Im Rahmen unserer Exkursion des Studienganges \u201eHeilp\u00e4dagogik &#8211; Inklusive Bildung und Begleitung\u201c der Hochschule Hannover, besuchten wir das heilp\u00e4dagogische Archiv Trebnitz in M\u00fcncheberg.<\/p>\n<\/div><a href=\"https:\/\/archiv-heilpaedagogik.de\/pl\/hochschule-mal-anders-eine-exkursion-zum-internationalen-archiv-fuer-heilpaedagogik-trebnitz\/\">Weiterlesen<\/a><\/div><div class=\"clear\"><\/div> \n<p>Zu allen Meldungen gelangen Sie <a href=\"https:\/\/archiv-heilpaedagogik.de\/aktuelle-meldungen\/\">auf dieser Seite<\/a>.<\/p>","protected":false},"excerpt":{"rendered":"<p>Mieszcz\u0105ce si\u0119 w le\u017c\u0105cym oko\u0142o 50 km na wsch\u00f3d od Berlina M\u00fcnchebergu (dzielnica Trebnitz) Archiv f\u00fcr Heilp\u00e4dagogik* (Mi\u0119dzynarodowe Archiwum Pedagogiki Specjalnej) dokumentuje w swych zbiorach&hellip;<\/p>\n<p><a href=\"https:\/\/archiv-heilpaedagogik.de\/pl\/\" class=\"more-link post-excerpt-readmore\">Read more<\/a><\/p>\n","protected":false},"author":1,"featured_media":0,"parent":0,"menu_order":0,"comment_status":"closed","ping_status":"closed","template":"","meta":{"footnotes":""},"class_list":["post-6518","page","type-page","status-publish","hentry"],"aioseo_notices":[],"_links":{"self":[{"href":"https:\/\/archiv-heilpaedagogik.de\/pl\/wp-json\/wp\/v2\/pages\/6518","targetHints":{"allow":["GET"]}}],"collection":[{"href":"https:\/\/archiv-heilpaedagogik.de\/pl\/wp-json\/wp\/v2\/pages"}],"about":[{"href":"https:\/\/archiv-heilpaedagogik.de\/pl\/wp-json\/wp\/v2\/types\/page"}],"author":[{"embeddable":true,"href":"https:\/\/archiv-heilpaedagogik.de\/pl\/wp-json\/wp\/v2\/users\/1"}],"replies":[{"embeddable":true,"href":"https:\/\/archiv-heilpaedagogik.de\/pl\/wp-json\/wp\/v2\/comments?post=6518"}],"version-history":[{"count":27,"href":"https:\/\/archiv-heilpaedagogik.de\/pl\/wp-json\/wp\/v2\/pages\/6518\/revisions"}],"predecessor-version":[{"id":10082,"href":"https:\/\/archiv-heilpaedagogik.de\/pl\/wp-json\/wp\/v2\/pages\/6518\/revisions\/10082"}],"wp:attachment":[{"href":"https:\/\/archiv-heilpaedagogik.de\/pl\/wp-json\/wp\/v2\/media?parent=6518"}],"curies":[{"name":"wp","href":"https:\/\/api.w.org\/{rel}","templated":true}]}}