{"id":6458,"date":"2018-02-10T10:01:09","date_gmt":"2018-02-10T09:01:09","guid":{"rendered":"https:\/\/archiv-heilpaedagogik.de\/aktuelle-meldungen-copy\/"},"modified":"2025-06-13T11:49:45","modified_gmt":"2025-06-13T09:49:45","slug":"downloads","status":"publish","type":"page","link":"https:\/\/archiv-heilpaedagogik.de\/pl\/ueber-uns\/downloads\/","title":{"rendered":"Do pobrania"},"content":{"rendered":"<p>Przeznaczone do pobrania materia\u0142y dziel\u0105 si\u0119 na dwie strefy:<\/p>\n\n\n\n<ul class=\"wp-block-list\">\n<li>Strefa publiczna, dla wszystkich odbiorc\u00f3w<\/li>\n\n\n\n<li>Strefa wewn\u0119trzna, chroniona has\u0142em dost\u0119pu.<\/li>\n<\/ul>\n\n\n\n<h2 class=\"wp-block-heading\">Do pobrania. Strefa publiczna<\/h2>\n\n\n\n<p>Tu znajd\u0105 Pa\u0144stwo gotowe do pobrania dokumenty PDF.<\/p>\n\n\n<div class=\"omsc-accordion\"><br \/>\n<div class=\"omsc-toggle omsc-expanded\"><div class=\"omsc-toggle-title\">Archiwum<\/div><div class=\"omsc-toggle-inner\" style=\"display:block\"><\/p>\n<ul>\n<li><a href=\"https:\/\/archiv-heilpaedagogik.de\/wp-content\/uploads\/2018\/02\/20170927_Zeitschriftenarchiv.pdf\" target=\"_blank\" rel=\"noopener noreferrer\">Zeitschriftenarchiv, Stand 27.09.2017<\/a> (211 KB)<\/li>\n<li><a href=\"https:\/\/archiv-heilpaedagogik.de\/wp-content\/uploads\/2018\/02\/ArchivOrdnung-10.01.2018-final.pdf\" target=\"_blank\" rel=\"noopener noreferrer\">Benutzungsordnung, Stand 10.01.2018<\/a> (956 KB)<\/li>\n<li><a href=\"https:\/\/archiv-heilpaedagogik.de\/wp-content\/uploads\/2018\/02\/Bibliothek-Klassifikation.pdf\" target=\"_blank\" rel=\"noopener noreferrer\">Bibliothek Klassifikation<\/a> (34 KB)<\/li>\n<li><a href=\"https:\/\/archiv-heilpaedagogik.de\/wp-content\/uploads\/2018\/03\/20170831-Flyer.pdf\" target=\"_blank\" rel=\"noopener noreferrer\">Archiv Flyer 2017<\/a> (2,6 MB)<\/li>\n<li><a href=\"https:\/\/archiv-heilpaedagogik.de\/wp-content\/uploads\/2018\/04\/Flyer_Veranstaltungsreihe_Inklusion.pdf\">Flyer Veranstaltungsreihe Inklusion<\/a> (2,7 MB)<\/li>\n<\/ul>\n<p><\/div><\/div><br \/>\n<div class=\"omsc-toggle\"><div class=\"omsc-toggle-title\">Wydarzenia<\/div><div class=\"omsc-toggle-inner\"><\/p>\n<p>2017<\/p>\n<ul>\n<li><a href=\"https:\/\/archiv-heilpaedagogik.de\/wp-content\/uploads\/2018\/02\/Original-Trebnitz-Bericht-Archiv-mit-Fotos.pdf\" target=\"_blank\" rel=\"noopener noreferrer\">Bericht Exkursion von Studierenden, Oktober 2017<\/a> (619 KB)<\/li>\n<\/ul>\n<p>2015<\/p>\n<ul>\n<li><a href=\"https:\/\/archiv-heilpaedagogik.de\/wp-content\/uploads\/2018\/03\/Veranstaltungen_20150603_Programm-Symposium-2015.pdf\" target=\"_blank\" rel=\"noopener noreferrer\">3. Symposium, Programm<\/a> (35 KB)<\/li>\n<li><a href=\"https:\/\/archiv-heilpaedagogik.de\/wp-content\/uploads\/2018\/03\/Veranstaltungen_Vortraege-Symposium-2015.zip\" target=\"_blank\" rel=\"noopener noreferrer\">3. Symposium, Vortr\u00e4ge<\/a> (ZIP-Datei, 5.700 KB)<\/li>\n<\/ul>\n<p>2014<\/p>\n<ul>\n<li><a href=\"https:\/\/archiv-heilpaedagogik.de\/wp-content\/uploads\/2018\/03\/Veranstaltungen_20141027_Programm.pdf\" target=\"_blank\" rel=\"noopener noreferrer\">2. Symposium, Programm<\/a> (16 KB)<\/li>\n<li><a href=\"https:\/\/archiv-heilpaedagogik.de\/wp-content\/uploads\/2018\/03\/Veranstaltungen_Vortraege-Symposium-2014.zip\" target=\"_blank\" rel=\"noopener noreferrer\">2. Symposium, Vortr\u00e4ge<\/a> (ZIP-Datei, 7.500 KB)<\/li>\n<\/ul>\n<p>2013<\/p>\n<ul>\n<li><a href=\"https:\/\/archiv-heilpaedagogik.de\/wp-content\/uploads\/2018\/03\/Veranstaltungen_Programm.pdf\" target=\"_blank\" rel=\"noopener noreferrer\">1. Symposium, Programm<\/a> (13 KB)<\/li>\n<li><a href=\"https:\/\/archiv-heilpaedagogik.de\/wp-content\/uploads\/2018\/03\/Veranstaltungen_Vortraege-Symposium-2013.zip\" target=\"_blank\" rel=\"noopener noreferrer\">1. Symposium, Vortr\u00e4ge<\/a> (ZIP-Datei, 6.500 KB)<\/li>\n<\/ul>\n<p><\/div><\/div><br \/>\n<div class=\"omsc-toggle\"><div class=\"omsc-toggle-title\">Stowarzyszenie<\/div><div class=\"omsc-toggle-inner\"><\/p>\n<ul>\n<li><a href=\"https:\/\/archiv-heilpaedagogik.de\/wp-content\/uploads\/2018\/04\/Beitrittserkl\u00e4rung_F\u00f6rderverein_2018.pdf\" target=\"_blank\" rel=\"noopener noreferrer\">Beitrittserkl\u00e4rung<\/a> (45 KB)<\/li>\n<li><a href=\"https:\/\/archiv-heilpaedagogik.de\/wp-content\/uploads\/2025\/06\/Satzung-Foerderverein-07.10.23.pdf\" target=\"_blank\" rel=\"noopener noreferrer\">Vereinssatzung, Stand 07.10.2023<\/a> (43 KB)<\/li>\n<\/ul>\n<p><\/div><\/div><br \/>\n<div class=\"omsc-toggle\"><div class=\"omsc-toggle-title\">Nagroda<\/div><div class=\"omsc-toggle-inner\"><\/p>\n<ul>\n<li>F\u00f6rderpreis 2020\n<ul>\n<li><a href=\"https:\/\/archiv-heilpaedagogik.de\/wp-content\/uploads\/2018\/02\/Einverstaendniserklaerung-Foerderpreis.pdf\" target=\"_blank\" rel=\"noopener noreferrer\">Einverst\u00e4ndniserkl\u00e4rung F\u00f6rderpreis 2020<\/a> (49 KB)<\/li>\n<li><a href=\"https:\/\/archiv-heilpaedagogik.de\/wp-content\/uploads\/2018\/04\/Ausschreibung-F\u00f6rderpreis-2020.pdf\" target=\"_blank\" rel=\"noopener noreferrer\">Ausschreibungstext<\/a> (245 KB)<\/li>\n<\/ul>\n<\/li>\n<li>F\u00f6rderpreis 2014\n<ul>\n<li><a href=\"https:\/\/archiv-heilpaedagogik.de\/wp-content\/uploads\/2018\/02\/20141210_Laudatio-Saroka-2014.pdf\">Laudatio Saroka<\/a> (31 KB)<\/li>\n<li><a href=\"https:\/\/archiv-heilpaedagogik.de\/wp-content\/uploads\/2018\/02\/20141211_Laudatio-Unterreitmeier-2014.pdf\" target=\"_blank\" rel=\"noopener noreferrer\">Laudatio Unterreitmeier<\/a> (85 KB)<\/li>\n<\/ul>\n<\/li>\n<\/ul>\n<p><\/div><\/div><\/p>\n<p><div class=\"omsc-toggle\"><div class=\"omsc-toggle-title\">Emil E. Kobi<\/div><div class=\"omsc-toggle-inner\"><\/p>\n<ul>\n<li><a href=\"https:\/\/archiv-heilpaedagogik.de\/wp-content\/uploads\/2018\/04\/Prof.-Dr.-Konrad-Bundschuh_\u201eEmil-E.-Kobi-Personale-Heilp\u00e4dagogik-\u2013-Wege-zum-Menschen\u201c.pdf\">Prof. Dr. Konrad Bundschuh \u201eEmil E. Kobi Personale Heilp\u00e4dagogik \u2013 Wege zum Menschen\u201c<\/a> (60 KB)<\/li>\n<li><a href=\"https:\/\/archiv-heilpaedagogik.de\/wp-content\/uploads\/2018\/04\/SZH_01_2012.pdf\">Sonderausgabe zu Emil E. Kobi: Schweizerische Zeitschrift f\u00fcr Heilp\u00e4dagogik 01\/2012<\/a> (4 MB)<\/li>\n<\/ul>\n<p><\/div><\/div><\/p>\n<p><\/div>\n\n\n\n<h2 class=\"wp-block-heading\">Interne Downloads<\/h2>\n\n\n\n<p><a href=\"https:\/\/archiv-heilpaedagogik.de\/downloads-intern\/\">Dieser Bereich<\/a> ist nur mit Passwort zug\u00e4nglich.<\/p>","protected":false},"excerpt":{"rendered":"<p>Przeznaczone do pobrania materia\u0142y dziel\u0105 si\u0119 na dwie strefy: Do pobrania. Strefa publiczna Tu znajd\u0105 Pa\u0144stwo gotowe do pobrania dokumenty PDF. Interne Downloads Dieser Bereich&hellip;<\/p>\n<p><a href=\"https:\/\/archiv-heilpaedagogik.de\/pl\/ueber-uns\/downloads\/\" class=\"more-link post-excerpt-readmore\">Read more<\/a><\/p>\n","protected":false},"author":1,"featured_media":0,"parent":6856,"menu_order":0,"comment_status":"closed","ping_status":"closed","template":"","meta":{"footnotes":""},"class_list":["post-6458","page","type-page","status-publish","hentry"],"aioseo_notices":[],"_links":{"self":[{"href":"https:\/\/archiv-heilpaedagogik.de\/pl\/wp-json\/wp\/v2\/pages\/6458","targetHints":{"allow":["GET"]}}],"collection":[{"href":"https:\/\/archiv-heilpaedagogik.de\/pl\/wp-json\/wp\/v2\/pages"}],"about":[{"href":"https:\/\/archiv-heilpaedagogik.de\/pl\/wp-json\/wp\/v2\/types\/page"}],"author":[{"embeddable":true,"href":"https:\/\/archiv-heilpaedagogik.de\/pl\/wp-json\/wp\/v2\/users\/1"}],"replies":[{"embeddable":true,"href":"https:\/\/archiv-heilpaedagogik.de\/pl\/wp-json\/wp\/v2\/comments?post=6458"}],"version-history":[{"count":10,"href":"https:\/\/archiv-heilpaedagogik.de\/pl\/wp-json\/wp\/v2\/pages\/6458\/revisions"}],"predecessor-version":[{"id":10069,"href":"https:\/\/archiv-heilpaedagogik.de\/pl\/wp-json\/wp\/v2\/pages\/6458\/revisions\/10069"}],"up":[{"embeddable":true,"href":"https:\/\/archiv-heilpaedagogik.de\/pl\/wp-json\/wp\/v2\/pages\/6856"}],"wp:attachment":[{"href":"https:\/\/archiv-heilpaedagogik.de\/pl\/wp-json\/wp\/v2\/media?parent=6458"}],"curies":[{"name":"wp","href":"https:\/\/api.w.org\/{rel}","templated":true}]}}