{"id":6410,"date":"2018-02-09T14:07:39","date_gmt":"2018-02-09T13:07:39","guid":{"rendered":"https:\/\/archiv-heilpaedagogik.de\/aktuelle-meldungen-copy\/"},"modified":"2019-01-25T13:04:29","modified_gmt":"2019-01-25T12:04:29","slug":"kommende-veranstaltungen","status":"publish","type":"page","link":"https:\/\/archiv-heilpaedagogik.de\/pl\/kommende-veranstaltungen\/","title":{"rendered":"Wydarzenia Instytutu Emila E. Kobi (EKI)"},"content":{"rendered":"<p><a href=\"https:\/\/archiv-heilpaedagogik.de\/wp-content\/uploads\/2018\/02\/Veranstaltungen_generisch-01.jpg\"><img class=\"lazyload wp-image-6380 size-medium alignright\" data-original=\"https:\/\/archiv-heilpaedagogik.de\/wp-content\/uploads\/2018\/02\/Veranstaltungen_generisch-01-300x200.jpg\" alt=\"Veranstaltungen im Emil E. Kobi Institut\" width=\"300\" height=\"200\" \/><\/a>Poni\u017cej znajd\u0105 Pa\u0144stwo przegl\u0105d nadchodz\u0105cych wydarze\u0144 Instytutu Emila E. Kobi (EKI).<\/p>\n<p><div class=\"omsc-clear\"><\/div>  <\/p>","protected":false},"excerpt":{"rendered":"<p>Poni\u017cej znajd\u0105 Pa\u0144stwo przegl\u0105d nadchodz\u0105cych wydarze\u0144 Instytutu Emila E. Kobi (EKI).<\/p>\n","protected":false},"author":1,"featured_media":0,"parent":0,"menu_order":0,"comment_status":"closed","ping_status":"closed","template":"","meta":{"footnotes":""},"class_list":["post-6410","page","type-page","status-publish","hentry"],"aioseo_notices":[],"_links":{"self":[{"href":"https:\/\/archiv-heilpaedagogik.de\/pl\/wp-json\/wp\/v2\/pages\/6410","targetHints":{"allow":["GET"]}}],"collection":[{"href":"https:\/\/archiv-heilpaedagogik.de\/pl\/wp-json\/wp\/v2\/pages"}],"about":[{"href":"https:\/\/archiv-heilpaedagogik.de\/pl\/wp-json\/wp\/v2\/types\/page"}],"author":[{"embeddable":true,"href":"https:\/\/archiv-heilpaedagogik.de\/pl\/wp-json\/wp\/v2\/users\/1"}],"replies":[{"embeddable":true,"href":"https:\/\/archiv-heilpaedagogik.de\/pl\/wp-json\/wp\/v2\/comments?post=6410"}],"version-history":[{"count":0,"href":"https:\/\/archiv-heilpaedagogik.de\/pl\/wp-json\/wp\/v2\/pages\/6410\/revisions"}],"wp:attachment":[{"href":"https:\/\/archiv-heilpaedagogik.de\/pl\/wp-json\/wp\/v2\/media?parent=6410"}],"curies":[{"name":"wp","href":"https:\/\/api.w.org\/{rel}","templated":true}]}}