{"id":6920,"date":"2018-02-27T11:17:53","date_gmt":"2018-02-27T10:17:53","guid":{"rendered":"https:\/\/archiv-heilpaedagogik.de\/impressum-copy\/"},"modified":"2018-09-10T14:31:03","modified_gmt":"2018-09-10T12:31:03","slug":"mitgliedschaft","status":"publish","type":"page","link":"https:\/\/archiv-heilpaedagogik.de\/en\/mitgliedschaft\/","title":{"rendered":"Becoming a member"},"content":{"rendered":"<p><\/p>\n<h3>Becoming a member<\/h3>\n<p class=\"western\">Dear interested party,<\/p>\n<p class=\"western\" lang=\"en-GB\">You believe in the importance of building and upholding an archive for orthopedagogy and would like to support this cause? Become a member in our sponsoring association! You support a very special place where the history of orthopedagogy, its foundations and methods, its outstanding personalities, its concepts and internationality are documented.<\/p>\n<p class=\"western\" lang=\"en-GB\">We are looking forward to your participation \u2013 also actively in our committees \u2013 and welcome you warmly.<\/p>\n<p class=\"western\"><span lang=\"en-GB\">To apply for membership, please download the <a href=\"https:\/\/archiv-heilpaedagogik.de\/wp-content\/uploads\/2018\/04\/Beitrittserkl%C3%A4rung_F%C3%B6rderverein_2018.pdf\">pdf-file<\/a> in our download area.<\/span><\/p>\n<h3 class=\"western\" lang=\"en-GB\">Donations<\/h3>\n<p class=\"western\" lang=\"en-GB\">The association has been recognized as a charitable organization and is therefore tax-privileged. Donation receipts can be issued.<\/p>\n<p class=\"western\"><span lang=\"en-GB\">Bank details:<\/span><\/p>\n<p>F\u00f6rderverein des Internationalen Archivs f\u00fcr Heilp\u00e4dagogik<br \/>\nVolks- und Raiffeisenbank F\u00fcrstenwalde-Seelow-Wriezen<br \/>\nIBAN: DE31 1709 2404 0007 0220 00<br \/>\nBIC: GENODEF1FW1<\/p>","protected":false},"excerpt":{"rendered":"<p>Becoming a member Dear interested party, You believe in the importance of building and upholding an archive for orthopedagogy and would like to support this&hellip;<\/p>\n<p><a href=\"https:\/\/archiv-heilpaedagogik.de\/en\/mitgliedschaft\/\" class=\"more-link post-excerpt-readmore\">Read more<\/a><\/p>\n","protected":false},"author":1,"featured_media":0,"parent":0,"menu_order":0,"comment_status":"closed","ping_status":"closed","template":"","meta":{"footnotes":""},"class_list":["post-6920","page","type-page","status-publish","hentry"],"aioseo_notices":[],"_links":{"self":[{"href":"https:\/\/archiv-heilpaedagogik.de\/en\/wp-json\/wp\/v2\/pages\/6920","targetHints":{"allow":["GET"]}}],"collection":[{"href":"https:\/\/archiv-heilpaedagogik.de\/en\/wp-json\/wp\/v2\/pages"}],"about":[{"href":"https:\/\/archiv-heilpaedagogik.de\/en\/wp-json\/wp\/v2\/types\/page"}],"author":[{"embeddable":true,"href":"https:\/\/archiv-heilpaedagogik.de\/en\/wp-json\/wp\/v2\/users\/1"}],"replies":[{"embeddable":true,"href":"https:\/\/archiv-heilpaedagogik.de\/en\/wp-json\/wp\/v2\/comments?post=6920"}],"version-history":[{"count":0,"href":"https:\/\/archiv-heilpaedagogik.de\/en\/wp-json\/wp\/v2\/pages\/6920\/revisions"}],"wp:attachment":[{"href":"https:\/\/archiv-heilpaedagogik.de\/en\/wp-json\/wp\/v2\/media?parent=6920"}],"curies":[{"name":"wp","href":"https:\/\/api.w.org\/{rel}","templated":true}]}}