{"id":6874,"date":"2018-02-26T18:39:11","date_gmt":"2018-02-26T17:39:11","guid":{"rendered":"https:\/\/archiv-heilpaedagogik.de\/ueber-uns\/downloads-copy\/"},"modified":"2023-11-06T10:54:34","modified_gmt":"2023-11-06T09:54:34","slug":"ueber-uns_institut","status":"publish","type":"page","link":"https:\/\/archiv-heilpaedagogik.de\/en\/ueber-uns\/ueber-uns_institut\/","title":{"rendered":"Emil E. Kobi Institute"},"content":{"rendered":"<p><\/p>\n<p class=\"western\"><span lang=\"en-GB\">Affiliated closely to the International Archive for Orthopedagogy, the Emil E. Kobi Institute (EKI) was founded in 2015. It gives future research purposes the necessary scientific means, all consolidated in the International Archive. Among its main objectives are the analysis of present archive material as well as the publication of research findings, concerning historical and contemporary issues on the subject of orthopedagogy. <\/span><\/p>\n<div id=\"attachment_6864\" style=\"width: 310px\" class=\"wp-caption alignleft\"><img aria-describedby=\"caption-attachment-6864\" class=\"lazyload size-medium wp-image-6864\" data-original=\"https:\/\/archiv-heilpaedagogik.de\/wp-content\/uploads\/2018\/02\/ueber-uns_Kobi-300x200.jpg\" alt=\"Emil Erich Kobi\" width=\"300\" height=\"200\" \/><p id=\"caption-attachment-6864\" class=\"wp-caption-text\">* 20. April 1935 in Kreuzlingen; \u2020 13. April 2011 in Luzern<\/p><\/div>\n<p class=\"western\"><span lang=\"en-GB\">Furthermore, the EKI plans and performs technical events and training activities in the International Archive. These include, inter alia, the organization of historical colloquia, the convention of symposia about past and present issues of international orthopedagogy and special education as well as content aspects of the so called \u201cproject days for students\u201d in Trebnitz. The EKI draws its expertise in orthopedagogy from a broad network of universities, technical colleges, academies and a number of institutions and personalities both in Germany and other European countries. All of whom are members of the Archive\u2019s sponsoring association. The EKI works closely with the <em>Europ\u00e4ische Akademie f\u00fcr Heilp\u00e4dagogik<\/em> | <\/span><span lang=\"en-GB\"><i>Beruf- und Fachverband Heilp\u00e4dagogik e.V. (BHP)<\/i><\/span><span lang=\"en-GB\"> in Berlin.<\/span><\/p>\n<p class=\"western\"><span lang=\"en-GB\">Please address your requests to the institute<\/span><span lang=\"en-GB\">.<\/span><\/p>\n<p class=\"western\">Internationales Archiv f\u00fcr Heilp\u00e4dagogik<br \/>Emil E. Kobi Institut<br \/>Platz der Jugend 4<br \/>D-15374 M\u00fcncheberg \/ OT Trebnitz<\/p>\n<p><\/p>","protected":false},"excerpt":{"rendered":"<p>Affiliated closely to the International Archive for Orthopedagogy, the Emil E. Kobi Institute (EKI) was founded in 2015. It gives future research purposes the necessary&hellip;<\/p>\n<p><a href=\"https:\/\/archiv-heilpaedagogik.de\/en\/ueber-uns\/ueber-uns_institut\/\" class=\"more-link post-excerpt-readmore\">Read more<\/a><\/p>\n","protected":false},"author":1,"featured_media":0,"parent":6856,"menu_order":0,"comment_status":"closed","ping_status":"closed","template":"","meta":{"footnotes":""},"class_list":["post-6874","page","type-page","status-publish","hentry"],"aioseo_notices":[],"_links":{"self":[{"href":"https:\/\/archiv-heilpaedagogik.de\/en\/wp-json\/wp\/v2\/pages\/6874","targetHints":{"allow":["GET"]}}],"collection":[{"href":"https:\/\/archiv-heilpaedagogik.de\/en\/wp-json\/wp\/v2\/pages"}],"about":[{"href":"https:\/\/archiv-heilpaedagogik.de\/en\/wp-json\/wp\/v2\/types\/page"}],"author":[{"embeddable":true,"href":"https:\/\/archiv-heilpaedagogik.de\/en\/wp-json\/wp\/v2\/users\/1"}],"replies":[{"embeddable":true,"href":"https:\/\/archiv-heilpaedagogik.de\/en\/wp-json\/wp\/v2\/comments?post=6874"}],"version-history":[{"count":3,"href":"https:\/\/archiv-heilpaedagogik.de\/en\/wp-json\/wp\/v2\/pages\/6874\/revisions"}],"predecessor-version":[{"id":9895,"href":"https:\/\/archiv-heilpaedagogik.de\/en\/wp-json\/wp\/v2\/pages\/6874\/revisions\/9895"}],"up":[{"embeddable":true,"href":"https:\/\/archiv-heilpaedagogik.de\/en\/wp-json\/wp\/v2\/pages\/6856"}],"wp:attachment":[{"href":"https:\/\/archiv-heilpaedagogik.de\/en\/wp-json\/wp\/v2\/media?parent=6874"}],"curies":[{"name":"wp","href":"https:\/\/api.w.org\/{rel}","templated":true}]}}