{"id":6836,"date":"2018-02-26T17:02:51","date_gmt":"2018-02-26T16:02:51","guid":{"rendered":"https:\/\/archiv-heilpaedagogik.de\/kommende-veranstaltungen-copy\/"},"modified":"2018-09-10T10:51:48","modified_gmt":"2018-09-10T08:51:48","slug":"gewesene-veranstaltungen","status":"publish","type":"page","link":"https:\/\/archiv-heilpaedagogik.de\/en\/kommende-veranstaltungen\/gewesene-veranstaltungen\/","title":{"rendered":"Recent events"},"content":{"rendered":"<p><a href=\"https:\/\/archiv-heilpaedagogik.de\/wp-content\/uploads\/2018\/02\/Veranstaltungen_generisch-01.jpg\"><img class=\"lazyload wp-image-6380 size-medium alignright\" data-original=\"https:\/\/archiv-heilpaedagogik.de\/wp-content\/uploads\/2018\/02\/Veranstaltungen_generisch-01-300x200.jpg\" alt=\"Veranstaltungen im Emil E. Kobi Institut\" width=\"300\" height=\"200\" \/><\/a><span lang=\"en-GB\">Hereafter, you\u2019ll find an outline of recent events by the Emil E. Kobi Institute (EKI) in the International Archive for Orthopedagogy.<\/span><\/p>\n<p><div class=\"omsc-clear\"><\/div> <div><a href=\"https:\/\/archiv-heilpaedagogik.de\/en\/fortbildung-heilpaedagogische-begleitung-von-inklusionsprozessen-mit-buechern-fuer-kinder\/\" title=\"Fortbildung \u201eHeilp\u00e4dagogische Begleitung von Inklusionsprozessen mit B\u00fcchern f\u00fcr Kinder\u201c\"><img loading=\"lazy\" decoding=\"async\" width=\"300\" height=\"141\" src=\"https:\/\/archiv-heilpaedagogik.de\/wp-content\/uploads\/2022\/10\/Beitragsbild-300x141.png\" class=\"archiv_blogbild wp-post-image\" alt=\"Fortbildung \u201eHeilp\u00e4dagogische Begleitung von Inklusionsprozessen mit B\u00fcchern f\u00fcr Kinder\u201c\" srcset=\"https:\/\/archiv-heilpaedagogik.de\/wp-content\/uploads\/2022\/10\/Beitragsbild-300x141.png 300w, https:\/\/archiv-heilpaedagogik.de\/wp-content\/uploads\/2022\/10\/Beitragsbild.png 600w\" sizes=\"auto, (max-width: 300px) 100vw, 300px\" \/><\/a><h3 class=\"lcp_post\"><a href=\"https:\/\/archiv-heilpaedagogik.de\/en\/fortbildung-heilpaedagogische-begleitung-von-inklusionsprozessen-mit-buechern-fuer-kinder\/\">Fortbildung \u201eHeilp\u00e4dagogische Begleitung von Inklusionsprozessen mit B\u00fcchern f\u00fcr Kinder\u201c<\/a><\/h3> <div class=\"lcp_excerpt\">Am 20.09.2022 wurde zum dritten Mal eine Fortbildung des Internationalen ...<\/div><\/div><div class=\"clear\"><\/div><div><a href=\"https:\/\/archiv-heilpaedagogik.de\/en\/carpe-diem-nutze-den-campus\/\" title=\"Carpe Diem - Nutze den Campus!\"><img loading=\"lazy\" decoding=\"async\" width=\"300\" height=\"200\" src=\"https:\/\/archiv-heilpaedagogik.de\/wp-content\/uploads\/2022\/04\/CarpeDiem-Logo-300x200.png\" class=\"archiv_blogbild wp-post-image\" alt=\"Carpe Diem - Nutze den Campus!\" srcset=\"https:\/\/archiv-heilpaedagogik.de\/wp-content\/uploads\/2022\/04\/CarpeDiem-Logo-300x200.png 300w, https:\/\/archiv-heilpaedagogik.de\/wp-content\/uploads\/2022\/04\/CarpeDiem-Logo.png 600w\" sizes=\"auto, (max-width: 300px) 100vw, 300px\" \/><\/a><h3 class=\"lcp_post\"><a href=\"https:\/\/archiv-heilpaedagogik.de\/en\/carpe-diem-nutze-den-campus\/\">Carpe Diem &#8211; Nutze den Campus!<\/a><\/h3> <div class=\"lcp_excerpt\">\nEin Tag voller Angebote rund ums Thema &#8220;Kunst&#8221; am 7. ...<\/div><\/div><div class=\"clear\"><\/div><div><a href=\"https:\/\/archiv-heilpaedagogik.de\/en\/veranstaltung_levana-paedagogik-2018\/\" title=\"Die Levana-P\u00e4dagogik - Interpretationen und Quellen\"><img loading=\"lazy\" decoding=\"async\" width=\"300\" height=\"200\" src=\"https:\/\/archiv-heilpaedagogik.de\/wp-content\/uploads\/2018\/02\/ueber-uns_Archiv-300x200.jpg\" class=\"archiv_blogbild wp-post-image\" alt=\"Die Levana-P\u00e4dagogik - Interpretationen und Quellen\" srcset=\"https:\/\/archiv-heilpaedagogik.de\/wp-content\/uploads\/2018\/02\/ueber-uns_Archiv-300x200.jpg 300w, https:\/\/archiv-heilpaedagogik.de\/wp-content\/uploads\/2018\/02\/ueber-uns_Archiv-768x512.jpg 768w, https:\/\/archiv-heilpaedagogik.de\/wp-content\/uploads\/2018\/02\/ueber-uns_Archiv.jpg 1000w\" sizes=\"auto, (max-width: 300px) 100vw, 300px\" \/><\/a><h3 class=\"lcp_post\"><a href=\"https:\/\/archiv-heilpaedagogik.de\/en\/veranstaltung_levana-paedagogik-2018\/\">Die Levana-P\u00e4dagogik &#8211; Interpretationen und Quellen<\/a><\/h3> <div class=\"lcp_excerpt\">\nFormat: Seminar\nDatum: 23.\u201324.03.2018\n\nAusf\u00fchrliche Informationen\n\nTitel: \u201eDie Levana-P\u00e4dagogik &#8211; Interpretationen und Quellen\u201c\nLeitung: ...<\/div><\/div><div class=\"clear\"><\/div><div><a href=\"https:\/\/archiv-heilpaedagogik.de\/en\/veranstaltung_vortrag-unverfuegbar-2018\/\" title=\"Unverf\u00fcgbar und r\u00e4tselhaft \u2013 Eine Ann\u00e4herung an die F\u00e4higkeiten und Bed\u00fcrfnisse von Menschen mit hohem Unterst\u00fctzungsbedarf\"><img loading=\"lazy\" decoding=\"async\" width=\"300\" height=\"200\" src=\"https:\/\/archiv-heilpaedagogik.de\/wp-content\/uploads\/2018\/02\/Veranstaltungen_generisch-01-300x200.jpg\" class=\"archiv_blogbild wp-post-image\" alt=\"Unverf\u00fcgbar und r\u00e4tselhaft \u2013 Eine Ann\u00e4herung an die F\u00e4higkeiten und Bed\u00fcrfnisse von Menschen mit hohem Unterst\u00fctzungsbedarf\" srcset=\"https:\/\/archiv-heilpaedagogik.de\/wp-content\/uploads\/2018\/02\/Veranstaltungen_generisch-01-300x200.jpg 300w, https:\/\/archiv-heilpaedagogik.de\/wp-content\/uploads\/2018\/02\/Veranstaltungen_generisch-01-768x512.jpg 768w, https:\/\/archiv-heilpaedagogik.de\/wp-content\/uploads\/2018\/02\/Veranstaltungen_generisch-01-1024x683.jpg 1024w, https:\/\/archiv-heilpaedagogik.de\/wp-content\/uploads\/2018\/02\/Veranstaltungen_generisch-01-900x600.jpg 900w, https:\/\/archiv-heilpaedagogik.de\/wp-content\/uploads\/2018\/02\/Veranstaltungen_generisch-01.jpg 1920w\" sizes=\"auto, (max-width: 300px) 100vw, 300px\" \/><\/a><h3 class=\"lcp_post\"><a href=\"https:\/\/archiv-heilpaedagogik.de\/en\/veranstaltung_vortrag-unverfuegbar-2018\/\">Unverf\u00fcgbar und r\u00e4tselhaft \u2013 Eine Ann\u00e4herung an die F\u00e4higkeiten und Bed\u00fcrfnisse von Menschen mit hohem Unterst\u00fctzungsbedarf<\/a><\/h3> <div class=\"lcp_excerpt\">\nFormat: Vortrag mit anschlie\u00dfender Diskussion\nDatum: 16.11.2018\n\n\nAusf\u00fchrliche Informationen\n\nTitel: \u201eUnverf\u00fcgbar und r\u00e4tselhaft ...<\/div><\/div><div class=\"clear\"><\/div><div><a href=\"https:\/\/archiv-heilpaedagogik.de\/en\/veranstaltung-gewesen_symposium-2015\/\" title=\"Symposium 2015\"><img loading=\"lazy\" decoding=\"async\" width=\"300\" height=\"200\" src=\"https:\/\/archiv-heilpaedagogik.de\/wp-content\/uploads\/2018\/03\/Veranstaltungen-gewesen_Symposium-2015-300x200.jpg\" class=\"archiv_blogbild wp-post-image\" alt=\"Symposium 2015\" srcset=\"https:\/\/archiv-heilpaedagogik.de\/wp-content\/uploads\/2018\/03\/Veranstaltungen-gewesen_Symposium-2015-300x200.jpg 300w, https:\/\/archiv-heilpaedagogik.de\/wp-content\/uploads\/2018\/03\/Veranstaltungen-gewesen_Symposium-2015-768x512.jpg 768w, https:\/\/archiv-heilpaedagogik.de\/wp-content\/uploads\/2018\/03\/Veranstaltungen-gewesen_Symposium-2015-1024x683.jpg 1024w, https:\/\/archiv-heilpaedagogik.de\/wp-content\/uploads\/2018\/03\/Veranstaltungen-gewesen_Symposium-2015.jpg 1200w\" sizes=\"auto, (max-width: 300px) 100vw, 300px\" \/><\/a><h3 class=\"lcp_post\"><a href=\"https:\/\/archiv-heilpaedagogik.de\/en\/veranstaltung-gewesen_symposium-2015\/\">Symposium 2015<\/a><\/h3> <div class=\"lcp_excerpt\">Die ungarische Heilp\u00e4dagogik in Tradition und Moderne stand im Mittelpunkt ...<\/div><\/div><div class=\"clear\"><\/div><div><a href=\"https:\/\/archiv-heilpaedagogik.de\/en\/veranstaltung-gewesen_symposium-2014\/\" title=\"Symposium 2014\"><img loading=\"lazy\" decoding=\"async\" width=\"300\" height=\"200\" src=\"https:\/\/archiv-heilpaedagogik.de\/wp-content\/uploads\/2018\/03\/Veranstaltungen-gewesen_Symposium-2014-300x200.jpg\" class=\"archiv_blogbild wp-post-image\" alt=\"Symposium 2014\" srcset=\"https:\/\/archiv-heilpaedagogik.de\/wp-content\/uploads\/2018\/03\/Veranstaltungen-gewesen_Symposium-2014-300x200.jpg 300w, https:\/\/archiv-heilpaedagogik.de\/wp-content\/uploads\/2018\/03\/Veranstaltungen-gewesen_Symposium-2014-768x512.jpg 768w, https:\/\/archiv-heilpaedagogik.de\/wp-content\/uploads\/2018\/03\/Veranstaltungen-gewesen_Symposium-2014-1024x683.jpg 1024w, https:\/\/archiv-heilpaedagogik.de\/wp-content\/uploads\/2018\/03\/Veranstaltungen-gewesen_Symposium-2014.jpg 1200w\" sizes=\"auto, (max-width: 300px) 100vw, 300px\" \/><\/a><h3 class=\"lcp_post\"><a href=\"https:\/\/archiv-heilpaedagogik.de\/en\/veranstaltung-gewesen_symposium-2014\/\">Symposium 2014<\/a><\/h3> <div class=\"lcp_excerpt\">2. Archivsymposium h\u00e4lt R\u00fcckblick auf 50 Jahre heilp\u00e4dagogische Ausbildung in ...<\/div><\/div><div class=\"clear\"><\/div><div><a href=\"https:\/\/archiv-heilpaedagogik.de\/en\/veranstaltung-gewesen_symposium-2013\/\" title=\"Symposium 2013\"><img loading=\"lazy\" decoding=\"async\" width=\"300\" height=\"200\" src=\"https:\/\/archiv-heilpaedagogik.de\/wp-content\/uploads\/2018\/03\/Veranstaltungen-gewesen_Symposium-2013-300x200.jpg\" class=\"archiv_blogbild wp-post-image\" alt=\"Symposium 2013\" srcset=\"https:\/\/archiv-heilpaedagogik.de\/wp-content\/uploads\/2018\/03\/Veranstaltungen-gewesen_Symposium-2013-300x200.jpg 300w, https:\/\/archiv-heilpaedagogik.de\/wp-content\/uploads\/2018\/03\/Veranstaltungen-gewesen_Symposium-2013-768x512.jpg 768w, https:\/\/archiv-heilpaedagogik.de\/wp-content\/uploads\/2018\/03\/Veranstaltungen-gewesen_Symposium-2013.jpg 1000w\" sizes=\"auto, (max-width: 300px) 100vw, 300px\" \/><\/a><h3 class=\"lcp_post\"><a href=\"https:\/\/archiv-heilpaedagogik.de\/en\/veranstaltung-gewesen_symposium-2013\/\">Symposium 2013<\/a><\/h3> <div class=\"lcp_excerpt\">Am 20. und 21. September 2013 fand ein erstes Fachsymposium ...<\/div><\/div><div class=\"clear\"><\/div> <\/p>","protected":false},"excerpt":{"rendered":"<p>Hereafter, you\u2019ll find an outline of recent events by the Emil E. Kobi Institute (EKI) in the International Archive for Orthopedagogy.<\/p>\n","protected":false},"author":1,"featured_media":0,"parent":6410,"menu_order":0,"comment_status":"closed","ping_status":"closed","template":"","meta":{"footnotes":""},"class_list":["post-6836","page","type-page","status-publish","hentry"],"aioseo_notices":[],"_links":{"self":[{"href":"https:\/\/archiv-heilpaedagogik.de\/en\/wp-json\/wp\/v2\/pages\/6836","targetHints":{"allow":["GET"]}}],"collection":[{"href":"https:\/\/archiv-heilpaedagogik.de\/en\/wp-json\/wp\/v2\/pages"}],"about":[{"href":"https:\/\/archiv-heilpaedagogik.de\/en\/wp-json\/wp\/v2\/types\/page"}],"author":[{"embeddable":true,"href":"https:\/\/archiv-heilpaedagogik.de\/en\/wp-json\/wp\/v2\/users\/1"}],"replies":[{"embeddable":true,"href":"https:\/\/archiv-heilpaedagogik.de\/en\/wp-json\/wp\/v2\/comments?post=6836"}],"version-history":[{"count":0,"href":"https:\/\/archiv-heilpaedagogik.de\/en\/wp-json\/wp\/v2\/pages\/6836\/revisions"}],"up":[{"embeddable":true,"href":"https:\/\/archiv-heilpaedagogik.de\/en\/wp-json\/wp\/v2\/pages\/6410"}],"wp:attachment":[{"href":"https:\/\/archiv-heilpaedagogik.de\/en\/wp-json\/wp\/v2\/media?parent=6836"}],"curies":[{"name":"wp","href":"https:\/\/api.w.org\/{rel}","templated":true}]}}