{"id":6722,"date":"2018-02-21T15:15:29","date_gmt":"2018-02-21T14:15:29","guid":{"rendered":"https:\/\/archiv-heilpaedagogik.de\/kontakt-copy\/"},"modified":"2019-04-08T14:04:19","modified_gmt":"2019-04-08T12:04:19","slug":"campus-trebnitz","status":"publish","type":"page","link":"https:\/\/archiv-heilpaedagogik.de\/en\/ueber-uns\/campus-trebnitz\/","title":{"rendered":"Campus Trebnitz"},"content":{"rendered":"<p><a href=\"https:\/\/archiv-heilpaedagogik.de\/wp-content\/uploads\/2018\/02\/ueber-uns_Campus-Karte.jpg\"><img class=\"lazyload alignright wp-image-6934\" data-original=\"https:\/\/archiv-heilpaedagogik.de\/wp-content\/uploads\/2018\/02\/ueber-uns_Campus-Karte-300x200.jpg\" alt=\"ueber-uns_Campus-Karte\" width=\"600\" height=\"400\" \/><\/a><\/p>\n<p class=\"western\"><span lang=\"en-GB\">The International Archive is a member of the campus network on the former manor complex in Trebnitz. The network comprises the education and community center <\/span><span lang=\"en-GB\"><i>castle Trebnitz<\/i><\/span><span lang=\"en-GB\"> and the Gustav Seitz museum \/ center for art and cultural education as well as a local store and library. The entire complex offers accommodation and catering services for up to 80 people.<\/span><\/p>\n<div class=\"omsc-clear\"><\/div>\n<p><div class=\"omsc-one-third\"><strong>1. Gustav Seitz Museum<\/strong><br \/>\n<div class=\"clear\"><\/div><\/div><div class=\"omsc-one-third\"><strong>2. Internationales Archiv f\u00fcr Heilp\u00e4dagogik &amp; Dorfb\u00fccherei<\/strong><br \/>\n<div class=\"clear\"><\/div><\/div><div class=\"omsc-one-third omsc-last\"><strong>3. Schloss Trebnitz<\/strong><br \/>\n<div class=\"clear\"><\/div><\/div><div class=\"omsc-clear\"><\/div><\/p>\n<p><div class=\"omsc-one-third\">\n<a href=\"https:\/\/archiv-heilpaedagogik.de\/wp-content\/uploads\/2018\/02\/ueber-uns_Campus-1-Museum.jpg\"><img class=\"lazyload alignleft size-medium wp-image-6936\" data-original=\"https:\/\/archiv-heilpaedagogik.de\/wp-content\/uploads\/2018\/02\/ueber-uns_Campus-1-Museum-300x200.jpg\" alt=\"\" width=\"300\" height=\"200\" \/><\/a><\/p>\n<p><a href=\"http:\/\/gustav-seitz-museum.de\" target=\"_blank\" rel=\"noopener noreferrer\">http:\/\/gustav-seitz-museum.de<\/a><br \/>\n<div class=\"clear\"><\/div><\/div><div class=\"omsc-one-third\">\n<a href=\"https:\/\/archiv-heilpaedagogik.de\/wp-content\/uploads\/2018\/02\/Galerie_aussen-IMG_3119.jpg\"><img class=\"lazyload alignleft wp-image-6448 size-medium\" data-original=\"https:\/\/archiv-heilpaedagogik.de\/wp-content\/uploads\/2018\/02\/Galerie_aussen-IMG_3119-300x200.jpg\" alt=\"\" width=\"300\" height=\"200\" \/><\/a><\/p>\n<p><a href=\"https:\/\/archiv-heilpaedagogik.de\" rel=\"noopener\">http:\/\/archiv-heilpaedagogik.de<\/a><br \/>\n<div class=\"clear\"><\/div><\/div><div class=\"omsc-one-third omsc-last\">\n<a href=\"https:\/\/archiv-heilpaedagogik.de\/wp-content\/uploads\/2018\/02\/ueber-uns_Campus-3-Schloss.jpg\"><img class=\"lazyload alignleft wp-image-6944 size-medium\" data-original=\"https:\/\/archiv-heilpaedagogik.de\/wp-content\/uploads\/2018\/02\/ueber-uns_Campus-3-Schloss-300x200.jpg\" alt=\"ueber-uns_Campus-3-Schloss\" width=\"300\" height=\"200\" \/><\/a><\/p>\n<p><a href=\"http:\/\/www.schloss-trebnitz.de\" target=\"_blank\" rel=\"noopener noreferrer\">http:\/\/www.schloss-trebnitz.de<\/a><br \/>\n<div class=\"clear\"><\/div><\/div><div class=\"omsc-clear\"><\/div><\/p>\n<p><div class=\"omsc-one-third\"><strong>4. Schmiede<\/strong><br \/>\n<div class=\"clear\"><\/div><\/div><div class=\"omsc-one-third\"><strong>5. Feldsteinscheune<\/strong><br \/>\n(wird kommendes Jahr renoviert)<br \/>\n<div class=\"clear\"><\/div><\/div><div class=\"omsc-one-third omsc-last\"><strong>6. Remise Dorfladen \/ Caf\u00e9<\/strong><br \/>\n<div class=\"clear\"><\/div><\/div><div class=\"omsc-clear\"><\/div><\/p>\n<p><div class=\"omsc-one-third\">\n<a href=\"https:\/\/archiv-heilpaedagogik.de\/wp-content\/uploads\/2018\/03\/ueber-uns_Campus-4-Schmiede.jpg\"><img class=\"lazyload alignleft wp-image-6713 size-medium\" data-original=\"https:\/\/archiv-heilpaedagogik.de\/wp-content\/uploads\/2018\/03\/ueber-uns_Campus-4-Schmiede-300x200.jpg\" alt=\"Schmiede\" width=\"300\" height=\"200\" \/><\/a><\/p>\n<p><a href=\"http:\/\/www.schloss-trebnitz.de\/gebaude\/alte-schmiede\" target=\"_blank\" rel=\"noopener noreferrer\">http:\/\/www.schloss-trebnitz.de\/gebaude\/alte-schmiede<\/a><br \/>\n<div class=\"clear\"><\/div><\/div><div class=\"omsc-one-third\">\n<a href=\"https:\/\/archiv-heilpaedagogik.de\/wp-content\/uploads\/2018\/03\/ueber-uns_Campus-5-Feldsteinscheune.jpg\"><img class=\"lazyload alignleft wp-image-6713 size-medium\" data-original=\"https:\/\/archiv-heilpaedagogik.de\/wp-content\/uploads\/2018\/03\/ueber-uns_Campus-5-Feldsteinscheune-300x200.jpg\" alt=\"Feldsteinscheune\" width=\"300\" height=\"200\" \/><\/a><\/p>\n<p><div class=\"clear\"><\/div><\/div><div class=\"omsc-one-third omsc-last\">\n<a href=\"https:\/\/archiv-heilpaedagogik.de\/wp-content\/uploads\/2018\/02\/ueber-uns_Campus-6-Dorfladen.jpg\"><img class=\"lazyload alignleft wp-image-6948 size-medium\" data-original=\"https:\/\/archiv-heilpaedagogik.de\/wp-content\/uploads\/2018\/02\/ueber-uns_Campus-6-Dorfladen-300x200.jpg\" alt=\"ueber-uns_Campus-6-Dorfladen\" width=\"300\" height=\"200\" \/><\/a><\/p>\n<p><a href=\"http:\/\/www.schloss-trebnitz.de\/dorfzentrum-trebnitz\" target=\"_blank\" rel=\"noopener noreferrer\">http:\/\/www.schloss-trebnitz.de\/dorfzentrum-trebnitz<\/a><br \/>\n<div class=\"clear\"><\/div><\/div><div class=\"omsc-clear\"><\/div><\/p>","protected":false},"excerpt":{"rendered":"<p>The International Archive is a member of the campus network on the former manor complex in Trebnitz. The network comprises the education and community center&hellip;<\/p>\n<p><a href=\"https:\/\/archiv-heilpaedagogik.de\/en\/ueber-uns\/campus-trebnitz\/\" class=\"more-link post-excerpt-readmore\">Read more<\/a><\/p>\n","protected":false},"author":1,"featured_media":0,"parent":6856,"menu_order":0,"comment_status":"closed","ping_status":"closed","template":"","meta":{"footnotes":""},"class_list":["post-6722","page","type-page","status-publish","hentry"],"aioseo_notices":[],"_links":{"self":[{"href":"https:\/\/archiv-heilpaedagogik.de\/en\/wp-json\/wp\/v2\/pages\/6722","targetHints":{"allow":["GET"]}}],"collection":[{"href":"https:\/\/archiv-heilpaedagogik.de\/en\/wp-json\/wp\/v2\/pages"}],"about":[{"href":"https:\/\/archiv-heilpaedagogik.de\/en\/wp-json\/wp\/v2\/types\/page"}],"author":[{"embeddable":true,"href":"https:\/\/archiv-heilpaedagogik.de\/en\/wp-json\/wp\/v2\/users\/1"}],"replies":[{"embeddable":true,"href":"https:\/\/archiv-heilpaedagogik.de\/en\/wp-json\/wp\/v2\/comments?post=6722"}],"version-history":[{"count":0,"href":"https:\/\/archiv-heilpaedagogik.de\/en\/wp-json\/wp\/v2\/pages\/6722\/revisions"}],"up":[{"embeddable":true,"href":"https:\/\/archiv-heilpaedagogik.de\/en\/wp-json\/wp\/v2\/pages\/6856"}],"wp:attachment":[{"href":"https:\/\/archiv-heilpaedagogik.de\/en\/wp-json\/wp\/v2\/media?parent=6722"}],"curies":[{"name":"wp","href":"https:\/\/api.w.org\/{rel}","templated":true}]}}