{"id":6617,"date":"2018-02-14T09:31:03","date_gmt":"2018-02-14T08:31:03","guid":{"rendered":"https:\/\/archiv-heilpaedagogik.de\/start-copy-copy\/"},"modified":"2019-03-11T14:39:13","modified_gmt":"2019-03-11T13:39:13","slug":"aktuelle-meldungen","status":"publish","type":"page","link":"https:\/\/archiv-heilpaedagogik.de\/en\/aktuelle-meldungen\/","title":{"rendered":"Aktuelle Meldungen"},"content":{"rendered":"<p>Hier finden Sie einen \u00dcberblick \u00fcber alle Meldungen aus dem Archiv.<\/p>\n <div><a href=\"https:\/\/archiv-heilpaedagogik.de\/en\/10047-2\/\" title=\"\"><img loading=\"lazy\" decoding=\"async\" width=\"300\" height=\"207\" src=\"https:\/\/archiv-heilpaedagogik.de\/wp-content\/uploads\/2025\/06\/Kachel-MV2025-300x207.png\" class=\"archiv_blogbild wp-post-image\" alt=\"\" srcset=\"https:\/\/archiv-heilpaedagogik.de\/wp-content\/uploads\/2025\/06\/Kachel-MV2025-300x207.png 300w, https:\/\/archiv-heilpaedagogik.de\/wp-content\/uploads\/2025\/06\/Kachel-MV2025.png 580w\" sizes=\"auto, (max-width: 300px) 100vw, 300px\" \/><\/a><h3 class=\"lcp_post\"><a href=\"https:\/\/archiv-heilpaedagogik.de\/en\/10047-2\/\"><\/a><\/h3> <div class=\"lcp_excerpt\">Liebe Mitglieder und F\u00f6rderer des Internationalen Archivs, ...<\/div><a href=\"https:\/\/archiv-heilpaedagogik.de\/en\/10047-2\/\">Weiterlesen<\/a><\/div><div class=\"clear\"><\/div><div><a href=\"https:\/\/archiv-heilpaedagogik.de\/en\/ferdinand-klein-als-heilpaedagoge-im-ost-west-dialog\/\" title=\"Ferdinand Klein - Als Heilp\u00e4dagoge im Ost-West-Dialog\"><img loading=\"lazy\" decoding=\"async\" width=\"300\" height=\"207\" src=\"https:\/\/archiv-heilpaedagogik.de\/wp-content\/uploads\/2025\/06\/Kachel-Wissenschaftliche-Reihe-Band-10-580-x-400-px-300x207.png\" class=\"archiv_blogbild wp-post-image\" alt=\"Ferdinand Klein - Als Heilp\u00e4dagoge im Ost-West-Dialog\" srcset=\"https:\/\/archiv-heilpaedagogik.de\/wp-content\/uploads\/2025\/06\/Kachel-Wissenschaftliche-Reihe-Band-10-580-x-400-px-300x207.png 300w, https:\/\/archiv-heilpaedagogik.de\/wp-content\/uploads\/2025\/06\/Kachel-Wissenschaftliche-Reihe-Band-10-580-x-400-px.png 580w\" sizes=\"auto, (max-width: 300px) 100vw, 300px\" \/><\/a><h3 class=\"lcp_post\"><a href=\"https:\/\/archiv-heilpaedagogik.de\/en\/ferdinand-klein-als-heilpaedagoge-im-ost-west-dialog\/\">Ferdinand Klein &#8211; Als Heilp\u00e4dagoge im Ost-West-Dialog<\/a><\/h3> <div class=\"lcp_excerpt\">Dieser Band hat einen anderen, wenn auch historischen Bezug. Der Verfasser ist Ferdinand Klein (* 1934), ein Grandseigneur der Heil- und Sonderp\u00e4dagogik und das \u00e4lteste Mitglied unseres F\u00f6rdervereins.<\/div><a href=\"https:\/\/archiv-heilpaedagogik.de\/en\/ferdinand-klein-als-heilpaedagoge-im-ost-west-dialog\/\">Weiterlesen<\/a><\/div><div class=\"clear\"><\/div><div><a href=\"https:\/\/archiv-heilpaedagogik.de\/en\/wissenschaftliche-reihe-band-9-aufruhr-heilpaedagogik-neue-forschungsergebnisse-aus-der-zeit-des-nationalsozialismus\/\" title=\"Sammelband - Aufruhr Heilp\u00e4dagogik. Neue Forschungsergebnisse aus der Zeit des Nationalsozialismus\"><img loading=\"lazy\" decoding=\"async\" width=\"300\" height=\"207\" src=\"https:\/\/archiv-heilpaedagogik.de\/wp-content\/uploads\/2025\/06\/Kachel-Wissenschaftliche-Reihe-Band-09-580-x-400-px-300x207.png\" class=\"archiv_blogbild wp-post-image\" alt=\"Sammelband - Aufruhr Heilp\u00e4dagogik. Neue Forschungsergebnisse aus der Zeit des Nationalsozialismus\" srcset=\"https:\/\/archiv-heilpaedagogik.de\/wp-content\/uploads\/2025\/06\/Kachel-Wissenschaftliche-Reihe-Band-09-580-x-400-px-300x207.png 300w, https:\/\/archiv-heilpaedagogik.de\/wp-content\/uploads\/2025\/06\/Kachel-Wissenschaftliche-Reihe-Band-09-580-x-400-px.png 580w\" sizes=\"auto, (max-width: 300px) 100vw, 300px\" \/><\/a><h3 class=\"lcp_post\"><a href=\"https:\/\/archiv-heilpaedagogik.de\/en\/wissenschaftliche-reihe-band-9-aufruhr-heilpaedagogik-neue-forschungsergebnisse-aus-der-zeit-des-nationalsozialismus\/\">Sammelband &#8211; Aufruhr Heilp\u00e4dagogik. Neue Forschungsergebnisse aus der Zeit des Nationalsozialismus<\/a><\/h3> <div class=\"lcp_excerpt\">In diesem Band sind die Ergebnisse des 4. Symposiums vom 06.10. bis 07.10.2023 dokumentiert. Hier sind die Referate, die im Oktober 2023 in Trebnitz im Internationalen Archiv f\u00fcr Heilp\u00e4dagogik w\u00e4hrend eines Symposiums gehalten wurden, publiziert.<\/div><a href=\"https:\/\/archiv-heilpaedagogik.de\/en\/wissenschaftliche-reihe-band-9-aufruhr-heilpaedagogik-neue-forschungsergebnisse-aus-der-zeit-des-nationalsozialismus\/\">Weiterlesen<\/a><\/div><div class=\"clear\"><\/div><div><a href=\"https:\/\/archiv-heilpaedagogik.de\/en\/10025-2\/\" title=\"\"><img loading=\"lazy\" decoding=\"async\" width=\"300\" height=\"207\" src=\"https:\/\/archiv-heilpaedagogik.de\/wp-content\/uploads\/2025\/02\/Bernhard-Strunck-300x207.png\" class=\"archiv_blogbild wp-post-image\" alt=\"\" srcset=\"https:\/\/archiv-heilpaedagogik.de\/wp-content\/uploads\/2025\/02\/Bernhard-Strunck-300x207.png 300w, https:\/\/archiv-heilpaedagogik.de\/wp-content\/uploads\/2025\/02\/Bernhard-Strunck.png 580w\" sizes=\"auto, (max-width: 300px) 100vw, 300px\" \/><\/a><h3 class=\"lcp_post\"><a href=\"https:\/\/archiv-heilpaedagogik.de\/en\/10025-2\/\"><\/a><\/h3> <div class=\"lcp_excerpt\">Sehr geehrte Mitglieder, F\u00f6rderer sowie Freundinnen und Freunde des\nF\u00f6rdervereins, <\/div><a href=\"https:\/\/archiv-heilpaedagogik.de\/en\/10025-2\/\">Weiterlesen<\/a><\/div><div class=\"clear\"><\/div><div><a href=\"https:\/\/archiv-heilpaedagogik.de\/en\/ausstellung-in-der-stadtpfarrkirche-muencheberg\/\" title=\"Ausstellung in der Stadtpfarrkirche M\u00fcncheberg\"><img loading=\"lazy\" decoding=\"async\" width=\"300\" height=\"207\" src=\"https:\/\/archiv-heilpaedagogik.de\/wp-content\/uploads\/2024\/09\/Kachel-09.09.24-300x207.png\" class=\"archiv_blogbild wp-post-image\" alt=\"Ausstellung in der Stadtpfarrkirche M\u00fcncheberg\" srcset=\"https:\/\/archiv-heilpaedagogik.de\/wp-content\/uploads\/2024\/09\/Kachel-09.09.24-300x207.png 300w, https:\/\/archiv-heilpaedagogik.de\/wp-content\/uploads\/2024\/09\/Kachel-09.09.24.png 580w\" sizes=\"auto, (max-width: 300px) 100vw, 300px\" \/><\/a><h3 class=\"lcp_post\"><a href=\"https:\/\/archiv-heilpaedagogik.de\/en\/ausstellung-in-der-stadtpfarrkirche-muencheberg\/\">Ausstellung in der Stadtpfarrkirche M\u00fcncheberg<\/a><\/h3> <div class=\"lcp_excerpt\">1965\/1985: Zeichnungen aus der Sammlung des Internationalen Archivs f\u00fcr Heilp\u00e4dagogik Trebnitz<\/div><a href=\"https:\/\/archiv-heilpaedagogik.de\/en\/ausstellung-in-der-stadtpfarrkirche-muencheberg\/\">Weiterlesen<\/a><\/div><div class=\"clear\"><\/div><div><a href=\"https:\/\/archiv-heilpaedagogik.de\/en\/hochschule-mal-anders-eine-exkursion-zum-internationalen-archiv-fuer-heilpaedagogik-trebnitz\/\" title=\"Hochschule mal anders - Eine Exkursion zum Internationalen Archiv f\u00fcr Heilp\u00e4dagogik Trebnitz\"><img loading=\"lazy\" decoding=\"async\" width=\"300\" height=\"207\" src=\"https:\/\/archiv-heilpaedagogik.de\/wp-content\/uploads\/2024\/08\/Kachel-24.08.24-300x207.png\" class=\"archiv_blogbild wp-post-image\" alt=\"Hochschule mal anders - Eine Exkursion zum Internationalen Archiv f\u00fcr Heilp\u00e4dagogik Trebnitz\" srcset=\"https:\/\/archiv-heilpaedagogik.de\/wp-content\/uploads\/2024\/08\/Kachel-24.08.24-300x207.png 300w, https:\/\/archiv-heilpaedagogik.de\/wp-content\/uploads\/2024\/08\/Kachel-24.08.24.png 580w\" sizes=\"auto, (max-width: 300px) 100vw, 300px\" \/><\/a><h3 class=\"lcp_post\"><a href=\"https:\/\/archiv-heilpaedagogik.de\/en\/hochschule-mal-anders-eine-exkursion-zum-internationalen-archiv-fuer-heilpaedagogik-trebnitz\/\">Hochschule mal anders &#8211; Eine Exkursion zum Internationalen Archiv f\u00fcr Heilp\u00e4dagogik Trebnitz<\/a><\/h3> <div class=\"lcp_excerpt\">Im Rahmen unserer Exkursion des Studienganges \u201eHeilp\u00e4dagogik - Inklusive Bildung und Begleitung\u201c der Hochschule Hannover, besuchten wir das heilp\u00e4dagogische Archiv Trebnitz in M\u00fcncheberg.\n<\/div><a href=\"https:\/\/archiv-heilpaedagogik.de\/en\/hochschule-mal-anders-eine-exkursion-zum-internationalen-archiv-fuer-heilpaedagogik-trebnitz\/\">Weiterlesen<\/a><\/div><div class=\"clear\"><\/div><div><a href=\"https:\/\/archiv-heilpaedagogik.de\/en\/als-heilpaedagoge-im-ost-west-dialog\/\" title=\"Als Heilp\u00e4dagoge im Ost-West-Dialog\"><img loading=\"lazy\" decoding=\"async\" width=\"300\" height=\"207\" src=\"https:\/\/archiv-heilpaedagogik.de\/wp-content\/uploads\/2024\/03\/Kachel-24.03.24-300x207.png\" class=\"archiv_blogbild wp-post-image\" alt=\"Als Heilp\u00e4dagoge im Ost-West-Dialog\" srcset=\"https:\/\/archiv-heilpaedagogik.de\/wp-content\/uploads\/2024\/03\/Kachel-24.03.24-300x207.png 300w, https:\/\/archiv-heilpaedagogik.de\/wp-content\/uploads\/2024\/03\/Kachel-24.03.24.png 580w\" sizes=\"auto, (max-width: 300px) 100vw, 300px\" \/><\/a><h3 class=\"lcp_post\"><a href=\"https:\/\/archiv-heilpaedagogik.de\/en\/als-heilpaedagoge-im-ost-west-dialog\/\">Als Heilp\u00e4dagoge im Ost-West-Dialog<\/a><\/h3> <div class=\"lcp_excerpt\"><p><!-- wp:paragraph --><\/p>\n<p><strong>Pers\u00f6nliche und berufliche Erfahrungen eines Karpatendeutschen<a href=\"#_ftn1\" id=\"_ftnref1\"><strong><\/strong><\/a><\/strong><\/p>\n<p><!-- \/wp:paragraph --><\/p>\n<p><!-- wp:paragraph --><\/p>\n<p>Als Heilp\u00e4dagoge, der am Ost-West-Dialog aktiv beteiligt ist, lege ich einen reflexiven ...<\/div><a href=\"https:\/\/archiv-heilpaedagogik.de\/en\/als-heilpaedagoge-im-ost-west-dialog\/\">Weiterlesen<\/a><\/div><div class=\"clear\"><\/div><div><a href=\"https:\/\/archiv-heilpaedagogik.de\/en\/bericht-von-den-studientagen-der-evangelischen-hochschule-nuernberg-im-internationalen-archiv\/\" title=\"Bericht von den Studientagen der Evangelischen Hochschule N\u00fcrnberg im Internationalen Archiv\"><img loading=\"lazy\" decoding=\"async\" width=\"300\" height=\"207\" src=\"https:\/\/archiv-heilpaedagogik.de\/wp-content\/uploads\/2024\/01\/Beitragsbild13.01.24-300x207.png\" class=\"archiv_blogbild wp-post-image\" alt=\"Bericht von den Studientagen der Evangelischen Hochschule N\u00fcrnberg im Internationalen Archiv\" srcset=\"https:\/\/archiv-heilpaedagogik.de\/wp-content\/uploads\/2024\/01\/Beitragsbild13.01.24-300x207.png 300w, https:\/\/archiv-heilpaedagogik.de\/wp-content\/uploads\/2024\/01\/Beitragsbild13.01.24.png 580w\" sizes=\"auto, (max-width: 300px) 100vw, 300px\" \/><\/a><h3 class=\"lcp_post\"><a href=\"https:\/\/archiv-heilpaedagogik.de\/en\/bericht-von-den-studientagen-der-evangelischen-hochschule-nuernberg-im-internationalen-archiv\/\">Bericht von den Studientagen der Evangelischen Hochschule N\u00fcrnberg im Internationalen Archiv<\/a><\/h3> <div class=\"lcp_excerpt\">Sechs Studierende der Evangelische Hochschule N\u00fcrnberg, Fachbereich Heilp\u00e4dagogik, verbrachten vom 23. \u2013 25. Oktober mit ihrer Dozentin, Prof. Dr. Birgit Mayer-Lewis drei Studientage im Internationalen Archiv f\u00fcr Heilp\u00e4dagogik in Trebnitz.<\/div><a href=\"https:\/\/archiv-heilpaedagogik.de\/en\/bericht-von-den-studientagen-der-evangelischen-hochschule-nuernberg-im-internationalen-archiv\/\">Weiterlesen<\/a><\/div><div class=\"clear\"><\/div><div><a href=\"https:\/\/archiv-heilpaedagogik.de\/en\/aufruhr-heilpaedagogik-neue-forschungsergebnisse-aus-der-zeit-des-nationalsozialismus-und-perspektiven-fuer-die-zukunft\/\" title=\"Aufruhr Heilp\u00e4dagogik: Neue Forschungsergebnisse aus der Zeit des Nationalsozialismus und Perspektiven f\u00fcr die Zukunft\"><img loading=\"lazy\" decoding=\"async\" width=\"300\" height=\"207\" src=\"https:\/\/archiv-heilpaedagogik.de\/wp-content\/uploads\/2024\/01\/Rueckblick-Symposium-300x207.png\" class=\"archiv_blogbild wp-post-image\" alt=\"Aufruhr Heilp\u00e4dagogik: Neue Forschungsergebnisse aus der Zeit des Nationalsozialismus und Perspektiven f\u00fcr die Zukunft\" srcset=\"https:\/\/archiv-heilpaedagogik.de\/wp-content\/uploads\/2024\/01\/Rueckblick-Symposium-300x207.png 300w, https:\/\/archiv-heilpaedagogik.de\/wp-content\/uploads\/2024\/01\/Rueckblick-Symposium.png 580w\" sizes=\"auto, (max-width: 300px) 100vw, 300px\" \/><\/a><h3 class=\"lcp_post\"><a href=\"https:\/\/archiv-heilpaedagogik.de\/en\/aufruhr-heilpaedagogik-neue-forschungsergebnisse-aus-der-zeit-des-nationalsozialismus-und-perspektiven-fuer-die-zukunft\/\">Aufruhr Heilp\u00e4dagogik: Neue Forschungsergebnisse aus der Zeit des Nationalsozialismus und Perspektiven f\u00fcr die Zukunft<\/a><\/h3> <div class=\"lcp_excerpt\">Bericht \u00fcber das 4. Symposium im Internationalen Archiv f\u00fcr Heilp\u00e4dagogik in Trebnitz.<\/div><a href=\"https:\/\/archiv-heilpaedagogik.de\/en\/aufruhr-heilpaedagogik-neue-forschungsergebnisse-aus-der-zeit-des-nationalsozialismus-und-perspektiven-fuer-die-zukunft\/\">Weiterlesen<\/a><\/div><div class=\"clear\"><\/div><div><a href=\"https:\/\/archiv-heilpaedagogik.de\/en\/weihnachtliche-gruesse-aus-dem-archiv\/\" title=\"Weihnachtliche Gr\u00fc\u00dfe aus dem Archiv\"><img loading=\"lazy\" decoding=\"async\" width=\"300\" height=\"207\" src=\"https:\/\/archiv-heilpaedagogik.de\/wp-content\/uploads\/2023\/12\/Gute-Wuensche-zum-Weihnachtsfest-und-zum-neuen-Jahr-300x207.png\" class=\"archiv_blogbild wp-post-image\" alt=\"Weihnachtliche Gr\u00fc\u00dfe aus dem Archiv\" srcset=\"https:\/\/archiv-heilpaedagogik.de\/wp-content\/uploads\/2023\/12\/Gute-Wuensche-zum-Weihnachtsfest-und-zum-neuen-Jahr-300x207.png 300w, https:\/\/archiv-heilpaedagogik.de\/wp-content\/uploads\/2023\/12\/Gute-Wuensche-zum-Weihnachtsfest-und-zum-neuen-Jahr.png 580w\" sizes=\"auto, (max-width: 300px) 100vw, 300px\" \/><\/a><h3 class=\"lcp_post\"><a href=\"https:\/\/archiv-heilpaedagogik.de\/en\/weihnachtliche-gruesse-aus-dem-archiv\/\">Weihnachtliche Gr\u00fc\u00dfe aus dem Archiv<\/a><\/h3> <div class=\"lcp_excerpt\"><p><!-- wp:paragraph --><\/p>\n<p>Liebe Mitglieder des F\u00f6rdervereis,<\/p>\n<p><!-- \/wp:paragraph --><\/p>\n<p><!-- wp:paragraph --><\/p>\n<p>liebe Freundinnen und Freunde des Internationalen Archivs f\u00fcr Heilp\u00e4dagogik,<\/p>\n<p><!-- \/wp:paragraph --><\/p>\n<p><!-- wp:paragraph --><\/p>\n<p>der Vorstand des F\u00f6rdervereins ...<\/div><a href=\"https:\/\/archiv-heilpaedagogik.de\/en\/weihnachtliche-gruesse-aus-dem-archiv\/\">Weiterlesen<\/a><\/div><div class=\"clear\"><\/div> <ul class='lcp_paginator'><li class='lcp_currentpage'>1<\/li><li><a href='https:\/\/archiv-heilpaedagogik.de\/en\/wp-json\/wp\/v2\/pages\/6617?lcp_page0=2#lcp_instance_0' title='2'>2<\/a><\/li><li><a href='https:\/\/archiv-heilpaedagogik.de\/en\/wp-json\/wp\/v2\/pages\/6617?lcp_page0=3#lcp_instance_0' title='3'>3<\/a><\/li><li><a href='https:\/\/archiv-heilpaedagogik.de\/en\/wp-json\/wp\/v2\/pages\/6617?lcp_page0=4#lcp_instance_0' title='4'>4<\/a><\/li><li><a href='https:\/\/archiv-heilpaedagogik.de\/en\/wp-json\/wp\/v2\/pages\/6617?lcp_page0=5#lcp_instance_0' title='5'>5<\/a><\/li><li><a href='https:\/\/archiv-heilpaedagogik.de\/en\/wp-json\/wp\/v2\/pages\/6617?lcp_page0=6#lcp_instance_0' title='6'>6<\/a><\/li><span class='lcp_elipsis'>...<\/span><li><a href='https:\/\/archiv-heilpaedagogik.de\/en\/wp-json\/wp\/v2\/pages\/6617?lcp_page0=14#lcp_instance_0' title='14'>14<\/a><\/li><li><a href='https:\/\/archiv-heilpaedagogik.de\/en\/wp-json\/wp\/v2\/pages\/6617?lcp_page0=2#lcp_instance_0' title='2' class='lcp_nextlink'>&gt;&gt;<\/a><\/li><\/ul>\n<p>&nbsp;<\/p>","protected":false},"excerpt":{"rendered":"<p>Hier finden Sie einen \u00dcberblick \u00fcber alle Meldungen aus dem Archiv. &nbsp;<\/p>\n","protected":false},"author":1,"featured_media":0,"parent":0,"menu_order":0,"comment_status":"closed","ping_status":"closed","template":"","meta":{"footnotes":""},"class_list":["post-6617","page","type-page","status-publish","hentry"],"aioseo_notices":[],"_links":{"self":[{"href":"https:\/\/archiv-heilpaedagogik.de\/en\/wp-json\/wp\/v2\/pages\/6617","targetHints":{"allow":["GET"]}}],"collection":[{"href":"https:\/\/archiv-heilpaedagogik.de\/en\/wp-json\/wp\/v2\/pages"}],"about":[{"href":"https:\/\/archiv-heilpaedagogik.de\/en\/wp-json\/wp\/v2\/types\/page"}],"author":[{"embeddable":true,"href":"https:\/\/archiv-heilpaedagogik.de\/en\/wp-json\/wp\/v2\/users\/1"}],"replies":[{"embeddable":true,"href":"https:\/\/archiv-heilpaedagogik.de\/en\/wp-json\/wp\/v2\/comments?post=6617"}],"version-history":[{"count":1,"href":"https:\/\/archiv-heilpaedagogik.de\/en\/wp-json\/wp\/v2\/pages\/6617\/revisions"}],"predecessor-version":[{"id":9003,"href":"https:\/\/archiv-heilpaedagogik.de\/en\/wp-json\/wp\/v2\/pages\/6617\/revisions\/9003"}],"wp:attachment":[{"href":"https:\/\/archiv-heilpaedagogik.de\/en\/wp-json\/wp\/v2\/media?parent=6617"}],"curies":[{"name":"wp","href":"https:\/\/api.w.org\/{rel}","templated":true}]}}