{"id":6453,"date":"2018-02-09T16:20:18","date_gmt":"2018-02-09T15:20:18","guid":{"rendered":"https:\/\/archiv-heilpaedagogik.de\/aktuelle-meldungen-copy\/"},"modified":"2018-02-26T18:37:29","modified_gmt":"2018-02-26T17:37:29","slug":"galerien-uebersicht","status":"publish","type":"page","link":"https:\/\/archiv-heilpaedagogik.de\/en\/ueber-uns\/galerien-uebersicht\/","title":{"rendered":"Galerien"},"content":{"rendered":" <div><a href=\"https:\/\/archiv-heilpaedagogik.de\/en\/archiv-nach-umbau\/\" title=\"Das Archiv\"><img loading=\"lazy\" decoding=\"async\" width=\"300\" height=\"200\" src=\"https:\/\/archiv-heilpaedagogik.de\/wp-content\/uploads\/2018\/02\/ueber-uns_Archiv-300x200.jpg\" class=\"archiv_blogbild wp-post-image\" alt=\"Das Archiv\" srcset=\"https:\/\/archiv-heilpaedagogik.de\/wp-content\/uploads\/2018\/02\/ueber-uns_Archiv-300x200.jpg 300w, https:\/\/archiv-heilpaedagogik.de\/wp-content\/uploads\/2018\/02\/ueber-uns_Archiv-768x512.jpg 768w, https:\/\/archiv-heilpaedagogik.de\/wp-content\/uploads\/2018\/02\/ueber-uns_Archiv.jpg 1000w\" sizes=\"auto, (max-width: 300px) 100vw, 300px\" \/><\/a><h3 class=\"lcp_post\"><a href=\"https:\/\/archiv-heilpaedagogik.de\/en\/archiv-nach-umbau\/\">Das Archiv<\/a><\/h3> <div class=\"lcp_excerpt\">Nach dem Umbau pr\u00e4sentiert sich Archiv innerlich und \u00e4u\u00dferlich in neuem Glanz. Gehen Sie mit uns auf eine Entdeckungsreise.\n&nbsp;\n<\/div><a href=\"https:\/\/archiv-heilpaedagogik.de\/en\/archiv-nach-umbau\/\">Weiterlesen<\/a><\/div><div class=\"clear\"><\/div><div><a href=\"https:\/\/archiv-heilpaedagogik.de\/en\/galerie_projekttage\/\" title=\"Projekttage\"><img loading=\"lazy\" decoding=\"async\" width=\"300\" height=\"200\" src=\"https:\/\/archiv-heilpaedagogik.de\/wp-content\/uploads\/2018\/03\/Studierende-der-EVH-N\u00fcrnberg-300x200.jpg\" class=\"archiv_blogbild wp-post-image\" alt=\"Projekttage\" srcset=\"https:\/\/archiv-heilpaedagogik.de\/wp-content\/uploads\/2018\/03\/Studierende-der-EVH-N\u00fcrnberg-300x200.jpg 300w, https:\/\/archiv-heilpaedagogik.de\/wp-content\/uploads\/2018\/03\/Studierende-der-EVH-N\u00fcrnberg-768x512.jpg 768w, https:\/\/archiv-heilpaedagogik.de\/wp-content\/uploads\/2018\/03\/Studierende-der-EVH-N\u00fcrnberg-1024x683.jpg 1024w, https:\/\/archiv-heilpaedagogik.de\/wp-content\/uploads\/2018\/03\/Studierende-der-EVH-N\u00fcrnberg.jpg 1280w\" sizes=\"auto, (max-width: 300px) 100vw, 300px\" \/><\/a><h3 class=\"lcp_post\"><a href=\"https:\/\/archiv-heilpaedagogik.de\/en\/galerie_projekttage\/\">Projekttage<\/a><\/h3> <div class=\"lcp_excerpt\">Eine Bilderreihe zu den bisher stattgefundenen Projekttagen.\n&nbsp;\n<\/div><a href=\"https:\/\/archiv-heilpaedagogik.de\/en\/galerie_projekttage\/\">Weiterlesen<\/a><\/div><div class=\"clear\"><\/div><div><a href=\"https:\/\/archiv-heilpaedagogik.de\/en\/galerie_campus-trebnitz\/\" title=\"Campus Trebnitz\"><img loading=\"lazy\" decoding=\"async\" width=\"300\" height=\"225\" src=\"https:\/\/archiv-heilpaedagogik.de\/wp-content\/uploads\/2018\/03\/IMG_2758-300x225.jpg\" class=\"archiv_blogbild wp-post-image\" alt=\"Campus Trebnitz\" srcset=\"https:\/\/archiv-heilpaedagogik.de\/wp-content\/uploads\/2018\/03\/IMG_2758-300x225.jpg 300w, https:\/\/archiv-heilpaedagogik.de\/wp-content\/uploads\/2018\/03\/IMG_2758-768x576.jpg 768w, https:\/\/archiv-heilpaedagogik.de\/wp-content\/uploads\/2018\/03\/IMG_2758-1024x768.jpg 1024w, https:\/\/archiv-heilpaedagogik.de\/wp-content\/uploads\/2018\/03\/IMG_2758.jpg 1280w\" sizes=\"auto, (max-width: 300px) 100vw, 300px\" \/><\/a><h3 class=\"lcp_post\"><a href=\"https:\/\/archiv-heilpaedagogik.de\/en\/galerie_campus-trebnitz\/\">Campus Trebnitz<\/a><\/h3> <div class=\"lcp_excerpt\">Hier laden wir Sie zu einem virtuellen Rundgang durch den Campus Trebnitz ein.\n&nbsp;\n<\/div><a href=\"https:\/\/archiv-heilpaedagogik.de\/en\/galerie_campus-trebnitz\/\">Weiterlesen<\/a><\/div><div class=\"clear\"><\/div><div><a href=\"https:\/\/archiv-heilpaedagogik.de\/en\/festakt-zur-wiedereroeffnung-des-archivs\/\" title=\"Festakt zur Wiederer\u00f6ffnung des Archivs\"><img loading=\"lazy\" decoding=\"async\" width=\"300\" height=\"200\" src=\"https:\/\/archiv-heilpaedagogik.de\/wp-content\/uploads\/2017\/09\/aktuell_20170920-002_Wiederer\u00f6ffnung-300x200.jpg\" class=\"archiv_blogbild wp-post-image\" alt=\"Festakt zur Wiederer\u00f6ffnung des Archivs\" srcset=\"https:\/\/archiv-heilpaedagogik.de\/wp-content\/uploads\/2017\/09\/aktuell_20170920-002_Wiederer\u00f6ffnung-300x200.jpg 300w, https:\/\/archiv-heilpaedagogik.de\/wp-content\/uploads\/2017\/09\/aktuell_20170920-002_Wiederer\u00f6ffnung-768x512.jpg 768w, https:\/\/archiv-heilpaedagogik.de\/wp-content\/uploads\/2017\/09\/aktuell_20170920-002_Wiederer\u00f6ffnung-1024x683.jpg 1024w, https:\/\/archiv-heilpaedagogik.de\/wp-content\/uploads\/2017\/09\/aktuell_20170920-002_Wiederer\u00f6ffnung.jpg 1200w\" sizes=\"auto, (max-width: 300px) 100vw, 300px\" \/><\/a><h3 class=\"lcp_post\"><a href=\"https:\/\/archiv-heilpaedagogik.de\/en\/festakt-zur-wiedereroeffnung-des-archivs\/\">Festakt zur Wiederer\u00f6ffnung des Archivs<\/a><\/h3> <div class=\"lcp_excerpt\">Am 15. und 16. September begr\u00fc\u00dften wir zahlreiche G\u00e4ste aus Politik und Wissenschaft sowie Freunde und F\u00f6rderer zum Festakt der Wiederer\u00f6ffnung des Internationalen Archivs f\u00fcr ...<\/div><a href=\"https:\/\/archiv-heilpaedagogik.de\/en\/festakt-zur-wiedereroeffnung-des-archivs\/\">Weiterlesen<\/a><\/div><div class=\"clear\"><\/div> \n","protected":false},"excerpt":{"rendered":"","protected":false},"author":1,"featured_media":0,"parent":6856,"menu_order":0,"comment_status":"closed","ping_status":"closed","template":"","meta":{"footnotes":""},"class_list":["post-6453","page","type-page","status-publish","hentry"],"aioseo_notices":[],"_links":{"self":[{"href":"https:\/\/archiv-heilpaedagogik.de\/en\/wp-json\/wp\/v2\/pages\/6453","targetHints":{"allow":["GET"]}}],"collection":[{"href":"https:\/\/archiv-heilpaedagogik.de\/en\/wp-json\/wp\/v2\/pages"}],"about":[{"href":"https:\/\/archiv-heilpaedagogik.de\/en\/wp-json\/wp\/v2\/types\/page"}],"author":[{"embeddable":true,"href":"https:\/\/archiv-heilpaedagogik.de\/en\/wp-json\/wp\/v2\/users\/1"}],"replies":[{"embeddable":true,"href":"https:\/\/archiv-heilpaedagogik.de\/en\/wp-json\/wp\/v2\/comments?post=6453"}],"version-history":[{"count":0,"href":"https:\/\/archiv-heilpaedagogik.de\/en\/wp-json\/wp\/v2\/pages\/6453\/revisions"}],"up":[{"embeddable":true,"href":"https:\/\/archiv-heilpaedagogik.de\/en\/wp-json\/wp\/v2\/pages\/6856"}],"wp:attachment":[{"href":"https:\/\/archiv-heilpaedagogik.de\/en\/wp-json\/wp\/v2\/media?parent=6453"}],"curies":[{"name":"wp","href":"https:\/\/api.w.org\/{rel}","templated":true}]}}